{"id":499,"date":"2018-05-11T08:33:29","date_gmt":"2018-05-11T08:33:29","guid":{"rendered":"http:\/\/butkdent.dev.wmc.lv\/?page_id=499"},"modified":"2018-08-30T09:32:49","modified_gmt":"2018-08-30T09:32:49","slug":"499-2","status":"publish","type":"page","link":"https:\/\/butkevicadental.com\/en\/","title":{"rendered":"Home"},"content":{"rendered":"","protected":false},"excerpt":{"rendered":"","protected":false},"author":1,"featured_media":1153,"parent":0,"menu_order":12,"comment_status":"closed","ping_status":"closed","template":"page-main.php","meta":{"_acf_changed":false,"footnotes":""},"class_list":["post-499","page","type-page","status-publish","has-post-thumbnail","hentry"],"acf":[],"yoast_head":"<!-- This site is optimized with the Yoast SEO plugin v27.3 - https:\/\/yoast.com\/product\/yoast-seo-wordpress\/ -->\n<title>Profesion\u0101la zob\u0101rstniec\u012bba R\u012bg\u0101 | Butkevicadental.com<\/title>\n<meta name=\"description\" content=\"Smaids un veseli zobi ir b\u016btiska soci\u0101l\u0101 statusa sast\u0101vda\u013ca. Zob\u0101rstniec\u012bba R\u012bg\u0101 pied\u0101v\u0101 gan konsult\u0101cijas, gan pilnu pakalpojuma spektru. Iel\u016bkojieties!\" \/>\n<meta name=\"robots\" content=\"index, follow, max-snippet:-1, max-image-preview:large, max-video-preview:-1\" \/>\n<link rel=\"canonical\" href=\"https:\/\/butkevicadental.com\/en\/\" \/>\n<meta property=\"og:locale\" content=\"en_US\" \/>\n<meta property=\"og:type\" content=\"article\" \/>\n<meta property=\"og:title\" content=\"Profesion\u0101la zob\u0101rstniec\u012bba R\u012bg\u0101 | Butkevicadental.com\" \/>\n<meta property=\"og:description\" content=\"Smaids un veseli zobi ir b\u016btiska soci\u0101l\u0101 statusa sast\u0101vda\u013ca. Zob\u0101rstniec\u012bba R\u012bg\u0101 pied\u0101v\u0101 gan konsult\u0101cijas, gan pilnu pakalpojuma spektru. Iel\u016bkojieties!\" \/>\n<meta property=\"og:url\" content=\"https:\/\/butkevicadental.com\/en\/\" \/>\n<meta property=\"og:site_name\" content=\"Butkevica Dental\" \/>\n<meta property=\"article:publisher\" content=\"https:\/\/www.facebook.com\/drbutkevica\" \/>\n<meta property=\"article:modified_time\" content=\"2018-08-30T09:32:49+00:00\" \/>\n<meta property=\"og:image\" content=\"https:\/\/butkevicadental.com\/wp-content\/uploads\/2020\/01\/final-3.jpg\" \/>\n\t<meta property=\"og:image:width\" content=\"2560\" \/>\n\t<meta property=\"og:image:height\" content=\"1707\" \/>\n\t<meta property=\"og:image:type\" content=\"image\/jpeg\" \/>\n<meta name=\"twitter:card\" content=\"summary_large_image\" \/>\n<meta name=\"twitter:site\" content=\"@ahhsmiles\" \/>\n<script type=\"application\/ld+json\" class=\"yoast-schema-graph\">{\"@context\":\"https:\\\/\\\/schema.org\",\"@graph\":[{\"@type\":\"WebPage\",\"@id\":\"https:\\\/\\\/butkevicadental.com\\\/en\\\/\",\"url\":\"https:\\\/\\\/butkevicadental.com\\\/en\\\/\",\"name\":\"Profesion\u0101la zob\u0101rstniec\u012bba R\u012bg\u0101 | Butkevicadental.com\",\"isPartOf\":{\"@id\":\"https:\\\/\\\/butkevicadental.com\\\/#website\"},\"primaryImageOfPage\":{\"@id\":\"https:\\\/\\\/butkevicadental.com\\\/en\\\/#primaryimage\"},\"image\":{\"@id\":\"https:\\\/\\\/butkevicadental.com\\\/en\\\/#primaryimage\"},\"thumbnailUrl\":\"https:\\\/\\\/butkevicadental.com\\\/wp-content\\\/uploads\\\/2020\\\/01\\\/final-3.jpg\",\"datePublished\":\"2018-05-11T08:33:29+00:00\",\"dateModified\":\"2018-08-30T09:32:49+00:00\",\"description\":\"Smaids un veseli zobi ir b\u016btiska soci\u0101l\u0101 statusa sast\u0101vda\u013ca. Zob\u0101rstniec\u012bba R\u012bg\u0101 pied\u0101v\u0101 gan konsult\u0101cijas, gan pilnu pakalpojuma spektru. Iel\u016bkojieties!\",\"breadcrumb\":{\"@id\":\"https:\\\/\\\/butkevicadental.com\\\/en\\\/#breadcrumb\"},\"inLanguage\":\"en-US\",\"potentialAction\":[{\"@type\":\"ReadAction\",\"target\":[\"https:\\\/\\\/butkevicadental.com\\\/en\\\/\"]}]},{\"@type\":\"ImageObject\",\"inLanguage\":\"en-US\",\"@id\":\"https:\\\/\\\/butkevicadental.com\\\/en\\\/#primaryimage\",\"url\":\"https:\\\/\\\/butkevicadental.com\\\/wp-content\\\/uploads\\\/2020\\\/01\\\/final-3.jpg\",\"contentUrl\":\"https:\\\/\\\/butkevicadental.com\\\/wp-content\\\/uploads\\\/2020\\\/01\\\/final-3.jpg\",\"width\":2560,\"height\":1707},{\"@type\":\"BreadcrumbList\",\"@id\":\"https:\\\/\\\/butkevicadental.com\\\/en\\\/#breadcrumb\",\"itemListElement\":[{\"@type\":\"ListItem\",\"position\":1,\"name\":\"Home\",\"item\":\"https:\\\/\\\/butkevicadental.com\\\/en\\\/\"},{\"@type\":\"ListItem\",\"position\":2,\"name\":\"Home\"}]},{\"@type\":\"WebSite\",\"@id\":\"https:\\\/\\\/butkevicadental.com\\\/#website\",\"url\":\"https:\\\/\\\/butkevicadental.com\\\/\",\"name\":\"Butkevica Dental\",\"description\":\"\",\"publisher\":{\"@id\":\"https:\\\/\\\/butkevicadental.com\\\/#organization\"},\"potentialAction\":[{\"@type\":\"SearchAction\",\"target\":{\"@type\":\"EntryPoint\",\"urlTemplate\":\"https:\\\/\\\/butkevicadental.com\\\/?s={search_term_string}\"},\"query-input\":{\"@type\":\"PropertyValueSpecification\",\"valueRequired\":true,\"valueName\":\"search_term_string\"}}],\"inLanguage\":\"en-US\"},{\"@type\":\"Organization\",\"@id\":\"https:\\\/\\\/butkevicadental.com\\\/#organization\",\"name\":\"Dr. Butkevica Dental Practice\",\"url\":\"https:\\\/\\\/butkevicadental.com\\\/\",\"logo\":{\"@type\":\"ImageObject\",\"inLanguage\":\"en-US\",\"@id\":\"https:\\\/\\\/butkevicadental.com\\\/#\\\/schema\\\/logo\\\/image\\\/\",\"url\":\"https:\\\/\\\/butkevicadental.com\\\/wp-content\\\/uploads\\\/2018\\\/06\\\/retina-logo-copy.png\",\"contentUrl\":\"https:\\\/\\\/butkevicadental.com\\\/wp-content\\\/uploads\\\/2018\\\/06\\\/retina-logo-copy.png\",\"width\":360,\"height\":225,\"caption\":\"Dr. Butkevica Dental Practice\"},\"image\":{\"@id\":\"https:\\\/\\\/butkevicadental.com\\\/#\\\/schema\\\/logo\\\/image\\\/\"},\"sameAs\":[\"https:\\\/\\\/www.facebook.com\\\/drbutkevica\",\"https:\\\/\\\/x.com\\\/ahhsmiles\",\"https:\\\/\\\/lv.linkedin.com\\\/pub\\\/alena-butkevica\\\/46\\\/b37\\\/a9a\",\"https:\\\/\\\/www.youtube.com\\\/channel\\\/UCE7V9qO6QB569boavPSnIkg\"]}]}<\/script>\n<!-- \/ Yoast SEO plugin. -->","yoast_head_json":{"title":"Profesion\u0101la zob\u0101rstniec\u012bba R\u012bg\u0101 | Butkevicadental.com","description":"Smaids un veseli zobi ir b\u016btiska soci\u0101l\u0101 statusa sast\u0101vda\u013ca. Zob\u0101rstniec\u012bba R\u012bg\u0101 pied\u0101v\u0101 gan konsult\u0101cijas, gan pilnu pakalpojuma spektru. Iel\u016bkojieties!","robots":{"index":"index","follow":"follow","max-snippet":"max-snippet:-1","max-image-preview":"max-image-preview:large","max-video-preview":"max-video-preview:-1"},"canonical":"https:\/\/butkevicadental.com\/en\/","og_locale":"en_US","og_type":"article","og_title":"Profesion\u0101la zob\u0101rstniec\u012bba R\u012bg\u0101 | Butkevicadental.com","og_description":"Smaids un veseli zobi ir b\u016btiska soci\u0101l\u0101 statusa sast\u0101vda\u013ca. Zob\u0101rstniec\u012bba R\u012bg\u0101 pied\u0101v\u0101 gan konsult\u0101cijas, gan pilnu pakalpojuma spektru. Iel\u016bkojieties!","og_url":"https:\/\/butkevicadental.com\/en\/","og_site_name":"Butkevica Dental","article_publisher":"https:\/\/www.facebook.com\/drbutkevica","article_modified_time":"2018-08-30T09:32:49+00:00","og_image":[{"width":2560,"height":1707,"url":"https:\/\/butkevicadental.com\/wp-content\/uploads\/2020\/01\/final-3.jpg","type":"image\/jpeg"}],"twitter_card":"summary_large_image","twitter_site":"@ahhsmiles","schema":{"@context":"https:\/\/schema.org","@graph":[{"@type":"WebPage","@id":"https:\/\/butkevicadental.com\/en\/","url":"https:\/\/butkevicadental.com\/en\/","name":"Profesion\u0101la zob\u0101rstniec\u012bba R\u012bg\u0101 | Butkevicadental.com","isPartOf":{"@id":"https:\/\/butkevicadental.com\/#website"},"primaryImageOfPage":{"@id":"https:\/\/butkevicadental.com\/en\/#primaryimage"},"image":{"@id":"https:\/\/butkevicadental.com\/en\/#primaryimage"},"thumbnailUrl":"https:\/\/butkevicadental.com\/wp-content\/uploads\/2020\/01\/final-3.jpg","datePublished":"2018-05-11T08:33:29+00:00","dateModified":"2018-08-30T09:32:49+00:00","description":"Smaids un veseli zobi ir b\u016btiska soci\u0101l\u0101 statusa sast\u0101vda\u013ca. Zob\u0101rstniec\u012bba R\u012bg\u0101 pied\u0101v\u0101 gan konsult\u0101cijas, gan pilnu pakalpojuma spektru. Iel\u016bkojieties!","breadcrumb":{"@id":"https:\/\/butkevicadental.com\/en\/#breadcrumb"},"inLanguage":"en-US","potentialAction":[{"@type":"ReadAction","target":["https:\/\/butkevicadental.com\/en\/"]}]},{"@type":"ImageObject","inLanguage":"en-US","@id":"https:\/\/butkevicadental.com\/en\/#primaryimage","url":"https:\/\/butkevicadental.com\/wp-content\/uploads\/2020\/01\/final-3.jpg","contentUrl":"https:\/\/butkevicadental.com\/wp-content\/uploads\/2020\/01\/final-3.jpg","width":2560,"height":1707},{"@type":"BreadcrumbList","@id":"https:\/\/butkevicadental.com\/en\/#breadcrumb","itemListElement":[{"@type":"ListItem","position":1,"name":"Home","item":"https:\/\/butkevicadental.com\/en\/"},{"@type":"ListItem","position":2,"name":"Home"}]},{"@type":"WebSite","@id":"https:\/\/butkevicadental.com\/#website","url":"https:\/\/butkevicadental.com\/","name":"Butkevica Dental","description":"","publisher":{"@id":"https:\/\/butkevicadental.com\/#organization"},"potentialAction":[{"@type":"SearchAction","target":{"@type":"EntryPoint","urlTemplate":"https:\/\/butkevicadental.com\/?s={search_term_string}"},"query-input":{"@type":"PropertyValueSpecification","valueRequired":true,"valueName":"search_term_string"}}],"inLanguage":"en-US"},{"@type":"Organization","@id":"https:\/\/butkevicadental.com\/#organization","name":"Dr. Butkevica Dental Practice","url":"https:\/\/butkevicadental.com\/","logo":{"@type":"ImageObject","inLanguage":"en-US","@id":"https:\/\/butkevicadental.com\/#\/schema\/logo\/image\/","url":"https:\/\/butkevicadental.com\/wp-content\/uploads\/2018\/06\/retina-logo-copy.png","contentUrl":"https:\/\/butkevicadental.com\/wp-content\/uploads\/2018\/06\/retina-logo-copy.png","width":360,"height":225,"caption":"Dr. Butkevica Dental Practice"},"image":{"@id":"https:\/\/butkevicadental.com\/#\/schema\/logo\/image\/"},"sameAs":["https:\/\/www.facebook.com\/drbutkevica","https:\/\/x.com\/ahhsmiles","https:\/\/lv.linkedin.com\/pub\/alena-butkevica\/46\/b37\/a9a","https:\/\/www.youtube.com\/channel\/UCE7V9qO6QB569boavPSnIkg"]}]}},"_links":{"self":[{"href":"https:\/\/butkevicadental.com\/en\/wp-json\/wp\/v2\/pages\/499","targetHints":{"allow":["GET"]}}],"collection":[{"href":"https:\/\/butkevicadental.com\/en\/wp-json\/wp\/v2\/pages"}],"about":[{"href":"https:\/\/butkevicadental.com\/en\/wp-json\/wp\/v2\/types\/page"}],"author":[{"embeddable":true,"href":"https:\/\/butkevicadental.com\/en\/wp-json\/wp\/v2\/users\/1"}],"replies":[{"embeddable":true,"href":"https:\/\/butkevicadental.com\/en\/wp-json\/wp\/v2\/comments?post=499"}],"version-history":[{"count":6,"href":"https:\/\/butkevicadental.com\/en\/wp-json\/wp\/v2\/pages\/499\/revisions"}],"predecessor-version":[{"id":1151,"href":"https:\/\/butkevicadental.com\/en\/wp-json\/wp\/v2\/pages\/499\/revisions\/1151"}],"wp:featuredmedia":[{"embeddable":true,"href":"https:\/\/butkevicadental.com\/en\/wp-json\/wp\/v2\/media\/1153"}],"wp:attachment":[{"href":"https:\/\/butkevicadental.com\/en\/wp-json\/wp\/v2\/media?parent=499"}],"curies":[{"name":"wp","href":"https:\/\/api.w.org\/{rel}","templated":true}]}}