{"id":555,"date":"2018-04-27T07:27:46","date_gmt":"2018-04-27T07:27:46","guid":{"rendered":"http:\/\/butkdent.dev.wmc.lv\/?page_id=555"},"modified":"2018-06-04T11:32:06","modified_gmt":"2018-06-04T11:32:06","slug":"our-works","status":"publish","type":"page","link":"https:\/\/butkevicadental.com\/en\/our-works\/","title":{"rendered":"Our works"},"content":{"rendered":"<p><strong>Wonderful Results of our collaboration<br \/>\n<\/strong><br \/>\nBelow you can see pictures of real patients in our practice. As a doctor and patient, together we\u2019ve achieved a truly successful and admirable results that fully meets the patient\u2019s desire of their \u201cdream smile\u201d. These patients, just as you, took their first step to improve not only their lives, but to increase their self-esteem. Their smiles now shine with health and confidence. Take your time, look at the pictures below and see what we have accomplished for others and what we can accomplish for you. With nowadays capabilities and our experience possible is almost everything!<\/p>\n<p><a href=\"http:\/\/butkevicadental.com\/galerija-no-kirurgijam\/\"><strong>See pictures from surgeries !<\/strong><\/a><\/p>\n","protected":false},"excerpt":{"rendered":"<p>Wonderful Results of our collaboration Below you can see pictures of real patients in our practice. As a doctor and patient, together we\u2019ve achieved a truly successful and admirable results that fully meets the patient\u2019s desire of their \u201cdream smile\u201d. These patients, just as you, took their first step to improve not only their lives, [&hellip;]<\/p>\n","protected":false},"author":1,"featured_media":0,"parent":0,"menu_order":16,"comment_status":"closed","ping_status":"closed","template":"page-works.php","meta":{"_acf_changed":false,"footnotes":""},"class_list":["post-555","page","type-page","status-publish","hentry"],"acf":[],"yoast_head":"<!-- This site is optimized with the Yoast SEO plugin v27.3 - https:\/\/yoast.com\/product\/yoast-seo-wordpress\/ -->\n<title>Laba zob\u0101rstniec\u012bba R\u012bg\u0101 ikvienam | Butkevicadental.com<\/title>\n<meta name=\"description\" content=\"Profesion\u0101ls zob\u0101rsts ir lab\u0101kais pal\u012bgs r\u016bp\u0113s par zobu vesel\u012bbu un izskatu. Iel\u016bkojieties galerij\u0101, k\u0101 laba zob\u0101rstniec\u012bba R\u012bg\u0101 uzlabo pacientu smaidus!\" \/>\n<meta name=\"robots\" content=\"index, follow, max-snippet:-1, max-image-preview:large, max-video-preview:-1\" \/>\n<link rel=\"canonical\" href=\"https:\/\/butkevicadental.com\/en\/our-works\/\" \/>\n<meta property=\"og:locale\" content=\"en_US\" \/>\n<meta property=\"og:type\" content=\"article\" \/>\n<meta property=\"og:title\" content=\"Laba zob\u0101rstniec\u012bba R\u012bg\u0101 ikvienam | Butkevicadental.com\" \/>\n<meta property=\"og:description\" content=\"Profesion\u0101ls zob\u0101rsts ir lab\u0101kais pal\u012bgs r\u016bp\u0113s par zobu vesel\u012bbu un izskatu. Iel\u016bkojieties galerij\u0101, k\u0101 laba zob\u0101rstniec\u012bba R\u012bg\u0101 uzlabo pacientu smaidus!\" \/>\n<meta property=\"og:url\" content=\"https:\/\/butkevicadental.com\/en\/our-works\/\" \/>\n<meta property=\"og:site_name\" content=\"Butkevica Dental\" \/>\n<meta property=\"article:publisher\" content=\"https:\/\/www.facebook.com\/drbutkevica\" \/>\n<meta property=\"article:modified_time\" content=\"2018-06-04T11:32:06+00:00\" \/>\n<meta name=\"twitter:card\" content=\"summary_large_image\" \/>\n<meta name=\"twitter:site\" content=\"@ahhsmiles\" \/>\n<meta name=\"twitter:label1\" content=\"Est. reading time\" \/>\n\t<meta name=\"twitter:data1\" content=\"1 minute\" \/>\n<script type=\"application\/ld+json\" class=\"yoast-schema-graph\">{\"@context\":\"https:\\\/\\\/schema.org\",\"@graph\":[{\"@type\":\"WebPage\",\"@id\":\"https:\\\/\\\/butkevicadental.com\\\/en\\\/our-works\\\/\",\"url\":\"https:\\\/\\\/butkevicadental.com\\\/en\\\/our-works\\\/\",\"name\":\"Laba zob\u0101rstniec\u012bba R\u012bg\u0101 ikvienam | Butkevicadental.com\",\"isPartOf\":{\"@id\":\"https:\\\/\\\/butkevicadental.com\\\/#website\"},\"datePublished\":\"2018-04-27T07:27:46+00:00\",\"dateModified\":\"2018-06-04T11:32:06+00:00\",\"description\":\"Profesion\u0101ls zob\u0101rsts ir lab\u0101kais pal\u012bgs r\u016bp\u0113s par zobu vesel\u012bbu un izskatu. Iel\u016bkojieties galerij\u0101, k\u0101 laba zob\u0101rstniec\u012bba R\u012bg\u0101 uzlabo pacientu smaidus!\",\"breadcrumb\":{\"@id\":\"https:\\\/\\\/butkevicadental.com\\\/en\\\/our-works\\\/#breadcrumb\"},\"inLanguage\":\"en-US\",\"potentialAction\":[{\"@type\":\"ReadAction\",\"target\":[\"https:\\\/\\\/butkevicadental.com\\\/en\\\/our-works\\\/\"]}]},{\"@type\":\"BreadcrumbList\",\"@id\":\"https:\\\/\\\/butkevicadental.com\\\/en\\\/our-works\\\/#breadcrumb\",\"itemListElement\":[{\"@type\":\"ListItem\",\"position\":1,\"name\":\"Home\",\"item\":\"https:\\\/\\\/butkevicadental.com\\\/en\\\/\"},{\"@type\":\"ListItem\",\"position\":2,\"name\":\"Our works\"}]},{\"@type\":\"WebSite\",\"@id\":\"https:\\\/\\\/butkevicadental.com\\\/#website\",\"url\":\"https:\\\/\\\/butkevicadental.com\\\/\",\"name\":\"Butkevica Dental\",\"description\":\"\",\"publisher\":{\"@id\":\"https:\\\/\\\/butkevicadental.com\\\/#organization\"},\"potentialAction\":[{\"@type\":\"SearchAction\",\"target\":{\"@type\":\"EntryPoint\",\"urlTemplate\":\"https:\\\/\\\/butkevicadental.com\\\/?s={search_term_string}\"},\"query-input\":{\"@type\":\"PropertyValueSpecification\",\"valueRequired\":true,\"valueName\":\"search_term_string\"}}],\"inLanguage\":\"en-US\"},{\"@type\":\"Organization\",\"@id\":\"https:\\\/\\\/butkevicadental.com\\\/#organization\",\"name\":\"Dr. Butkevica Dental Practice\",\"url\":\"https:\\\/\\\/butkevicadental.com\\\/\",\"logo\":{\"@type\":\"ImageObject\",\"inLanguage\":\"en-US\",\"@id\":\"https:\\\/\\\/butkevicadental.com\\\/#\\\/schema\\\/logo\\\/image\\\/\",\"url\":\"https:\\\/\\\/butkevicadental.com\\\/wp-content\\\/uploads\\\/2018\\\/06\\\/retina-logo-copy.png\",\"contentUrl\":\"https:\\\/\\\/butkevicadental.com\\\/wp-content\\\/uploads\\\/2018\\\/06\\\/retina-logo-copy.png\",\"width\":360,\"height\":225,\"caption\":\"Dr. Butkevica Dental Practice\"},\"image\":{\"@id\":\"https:\\\/\\\/butkevicadental.com\\\/#\\\/schema\\\/logo\\\/image\\\/\"},\"sameAs\":[\"https:\\\/\\\/www.facebook.com\\\/drbutkevica\",\"https:\\\/\\\/x.com\\\/ahhsmiles\",\"https:\\\/\\\/lv.linkedin.com\\\/pub\\\/alena-butkevica\\\/46\\\/b37\\\/a9a\",\"https:\\\/\\\/www.youtube.com\\\/channel\\\/UCE7V9qO6QB569boavPSnIkg\"]}]}<\/script>\n<!-- \/ Yoast SEO plugin. -->","yoast_head_json":{"title":"Laba zob\u0101rstniec\u012bba R\u012bg\u0101 ikvienam | Butkevicadental.com","description":"Profesion\u0101ls zob\u0101rsts ir lab\u0101kais pal\u012bgs r\u016bp\u0113s par zobu vesel\u012bbu un izskatu. Iel\u016bkojieties galerij\u0101, k\u0101 laba zob\u0101rstniec\u012bba R\u012bg\u0101 uzlabo pacientu smaidus!","robots":{"index":"index","follow":"follow","max-snippet":"max-snippet:-1","max-image-preview":"max-image-preview:large","max-video-preview":"max-video-preview:-1"},"canonical":"https:\/\/butkevicadental.com\/en\/our-works\/","og_locale":"en_US","og_type":"article","og_title":"Laba zob\u0101rstniec\u012bba R\u012bg\u0101 ikvienam | Butkevicadental.com","og_description":"Profesion\u0101ls zob\u0101rsts ir lab\u0101kais pal\u012bgs r\u016bp\u0113s par zobu vesel\u012bbu un izskatu. Iel\u016bkojieties galerij\u0101, k\u0101 laba zob\u0101rstniec\u012bba R\u012bg\u0101 uzlabo pacientu smaidus!","og_url":"https:\/\/butkevicadental.com\/en\/our-works\/","og_site_name":"Butkevica Dental","article_publisher":"https:\/\/www.facebook.com\/drbutkevica","article_modified_time":"2018-06-04T11:32:06+00:00","twitter_card":"summary_large_image","twitter_site":"@ahhsmiles","twitter_misc":{"Est. reading time":"1 minute"},"schema":{"@context":"https:\/\/schema.org","@graph":[{"@type":"WebPage","@id":"https:\/\/butkevicadental.com\/en\/our-works\/","url":"https:\/\/butkevicadental.com\/en\/our-works\/","name":"Laba zob\u0101rstniec\u012bba R\u012bg\u0101 ikvienam | Butkevicadental.com","isPartOf":{"@id":"https:\/\/butkevicadental.com\/#website"},"datePublished":"2018-04-27T07:27:46+00:00","dateModified":"2018-06-04T11:32:06+00:00","description":"Profesion\u0101ls zob\u0101rsts ir lab\u0101kais pal\u012bgs r\u016bp\u0113s par zobu vesel\u012bbu un izskatu. Iel\u016bkojieties galerij\u0101, k\u0101 laba zob\u0101rstniec\u012bba R\u012bg\u0101 uzlabo pacientu smaidus!","breadcrumb":{"@id":"https:\/\/butkevicadental.com\/en\/our-works\/#breadcrumb"},"inLanguage":"en-US","potentialAction":[{"@type":"ReadAction","target":["https:\/\/butkevicadental.com\/en\/our-works\/"]}]},{"@type":"BreadcrumbList","@id":"https:\/\/butkevicadental.com\/en\/our-works\/#breadcrumb","itemListElement":[{"@type":"ListItem","position":1,"name":"Home","item":"https:\/\/butkevicadental.com\/en\/"},{"@type":"ListItem","position":2,"name":"Our works"}]},{"@type":"WebSite","@id":"https:\/\/butkevicadental.com\/#website","url":"https:\/\/butkevicadental.com\/","name":"Butkevica Dental","description":"","publisher":{"@id":"https:\/\/butkevicadental.com\/#organization"},"potentialAction":[{"@type":"SearchAction","target":{"@type":"EntryPoint","urlTemplate":"https:\/\/butkevicadental.com\/?s={search_term_string}"},"query-input":{"@type":"PropertyValueSpecification","valueRequired":true,"valueName":"search_term_string"}}],"inLanguage":"en-US"},{"@type":"Organization","@id":"https:\/\/butkevicadental.com\/#organization","name":"Dr. Butkevica Dental Practice","url":"https:\/\/butkevicadental.com\/","logo":{"@type":"ImageObject","inLanguage":"en-US","@id":"https:\/\/butkevicadental.com\/#\/schema\/logo\/image\/","url":"https:\/\/butkevicadental.com\/wp-content\/uploads\/2018\/06\/retina-logo-copy.png","contentUrl":"https:\/\/butkevicadental.com\/wp-content\/uploads\/2018\/06\/retina-logo-copy.png","width":360,"height":225,"caption":"Dr. Butkevica Dental Practice"},"image":{"@id":"https:\/\/butkevicadental.com\/#\/schema\/logo\/image\/"},"sameAs":["https:\/\/www.facebook.com\/drbutkevica","https:\/\/x.com\/ahhsmiles","https:\/\/lv.linkedin.com\/pub\/alena-butkevica\/46\/b37\/a9a","https:\/\/www.youtube.com\/channel\/UCE7V9qO6QB569boavPSnIkg"]}]}},"_links":{"self":[{"href":"https:\/\/butkevicadental.com\/en\/wp-json\/wp\/v2\/pages\/555","targetHints":{"allow":["GET"]}}],"collection":[{"href":"https:\/\/butkevicadental.com\/en\/wp-json\/wp\/v2\/pages"}],"about":[{"href":"https:\/\/butkevicadental.com\/en\/wp-json\/wp\/v2\/types\/page"}],"author":[{"embeddable":true,"href":"https:\/\/butkevicadental.com\/en\/wp-json\/wp\/v2\/users\/1"}],"replies":[{"embeddable":true,"href":"https:\/\/butkevicadental.com\/en\/wp-json\/wp\/v2\/comments?post=555"}],"version-history":[{"count":6,"href":"https:\/\/butkevicadental.com\/en\/wp-json\/wp\/v2\/pages\/555\/revisions"}],"predecessor-version":[{"id":909,"href":"https:\/\/butkevicadental.com\/en\/wp-json\/wp\/v2\/pages\/555\/revisions\/909"}],"wp:attachment":[{"href":"https:\/\/butkevicadental.com\/en\/wp-json\/wp\/v2\/media?parent=555"}],"curies":[{"name":"wp","href":"https:\/\/api.w.org\/{rel}","templated":true}]}}