{"id":638,"date":"2018-05-11T12:27:28","date_gmt":"2018-05-11T12:27:28","guid":{"rendered":"http:\/\/butkdent.dev.wmc.lv\/?page_id=638"},"modified":"2018-08-30T07:13:32","modified_gmt":"2018-08-30T07:13:32","slug":"uslugi","status":"publish","type":"page","link":"https:\/\/butkevicadental.com\/ru\/uslugi\/","title":{"rendered":"\u0423\u0441\u043b\u0443\u0433\u0438"},"content":{"rendered":"<h2><b>\u0412\u0441\u0435 \u0443\u0441\u043b\u0443\u0433\u0438 \u0441\u0442\u043e\u043c\u0430\u0442\u043e\u043b\u043e\u0433\u0438\u0447\u0435\u0441\u043a\u043e\u0439 \u043f\u0440\u0430\u043a\u0442\u0438\u043a\u0438 \u0434\u043e\u043a\u0442\u043e\u0440\u0430 \u0410\u043b\u0435\u043d\u044b \u0411\u0443\u0442\u043a\u0435\u0432\u0438\u0447\u0438<\/b><\/h2>\n<p><\/br><br \/>\n\u041f\u0440\u043e\u0444\u0435\u0441\u0441\u0438\u043e\u043d\u0430\u043b\u044c\u043d\u0430\u044f \u043a\u043e\u043c\u0430\u043d\u0434\u0430 \u0441\u0442\u043e\u043c\u0430\u0442\u043e\u043b\u043e\u0433\u0438\u0447\u0435\u0441\u043a\u043e\u0439 \u043a\u043b\u0438\u043d\u0438\u043a\u0438 \u043f\u043e\u0434 \u0440\u0443\u043a\u043e\u0432\u043e\u0434\u0441\u0442\u0432\u043e\u043c \u0434\u043e\u043a\u0442\u043e\u0440\u0430 \u0410\u043b\u0435\u043d\u044b \u0411\u0443\u0442\u043a\u0435\u0432\u0438\u0447\u0438 \u043f\u0440\u0435\u0434\u043b\u0430\u0433\u0430\u0435\u0442 \u0448\u0438\u0440\u043e\u043a\u0438\u0439 \u0441\u043f\u0435\u043a\u0442\u0440 \u0441\u0442\u043e\u043c\u0430\u0442\u043e\u043b\u043e\u0433\u0438\u0447\u0435\u0441\u043a\u0438\u0445 \u0443\u0441\u043b\u0443\u0433. \u0412 \u043a\u043b\u0438\u043d\u0438\u043a\u0435 \u0432\u0430\u0441 \u0436\u0434\u0435\u0442 \u0437\u0443\u0431\u043d\u043e\u0439 \u0432\u0440\u0430\u0447 \u0434\u043b\u044f \u0434\u0435\u0442\u0435\u0439 \u0438 \u0432\u0437\u0440\u043e\u0441\u043b\u044b\u0445, \u0437\u0443\u0431\u043d\u043e\u0439 \u0445\u0438\u0440\u0443\u0440\u0433 \u0438 \u043f\u0440\u043e\u0442\u0435\u0437\u0438\u0441\u0442 \u0438 \u0434\u0440\u0443\u0433\u0438\u0435 \u0441\u043f\u0435\u0446\u0438\u0430\u043b\u0438\u0441\u0442\u044b. \u0427\u0438\u0442\u0430\u0439\u0442\u0435 \u0434\u0430\u043b\u044c\u0448\u0435 \u043e\u0431 \u0443\u0441\u043b\u0443\u0433\u0430\u0445 \u0441\u0442\u043e\u043c\u0430\u0442\u043e\u043b\u043e\u0433\u0438\u0447\u0435\u0441\u043a\u043e\u0439 \u043a\u043b\u0438\u043d\u0438\u043a\u0438!<\/p>\n","protected":false},"excerpt":{"rendered":"<p>\u0412\u0441\u0435 \u0443\u0441\u043b\u0443\u0433\u0438 \u0441\u0442\u043e\u043c\u0430\u0442\u043e\u043b\u043e\u0433\u0438\u0447\u0435\u0441\u043a\u043e\u0439 \u043f\u0440\u0430\u043a\u0442\u0438\u043a\u0438 \u0434\u043e\u043a\u0442\u043e\u0440\u0430 \u0410\u043b\u0435\u043d\u044b \u0411\u0443\u0442\u043a\u0435\u0432\u0438\u0447\u0438 \u041f\u0440\u043e\u0444\u0435\u0441\u0441\u0438\u043e\u043d\u0430\u043b\u044c\u043d\u0430\u044f \u043a\u043e\u043c\u0430\u043d\u0434\u0430 \u0441\u0442\u043e\u043c\u0430\u0442\u043e\u043b\u043e\u0433\u0438\u0447\u0435\u0441\u043a\u043e\u0439 \u043a\u043b\u0438\u043d\u0438\u043a\u0438 \u043f\u043e\u0434 \u0440\u0443\u043a\u043e\u0432\u043e\u0434\u0441\u0442\u0432\u043e\u043c \u0434\u043e\u043a\u0442\u043e\u0440\u0430 \u0410\u043b\u0435\u043d\u044b \u0411\u0443\u0442\u043a\u0435\u0432\u0438\u0447\u0438 \u043f\u0440\u0435\u0434\u043b\u0430\u0433\u0430\u0435\u0442 \u0448\u0438\u0440\u043e\u043a\u0438\u0439 \u0441\u043f\u0435\u043a\u0442\u0440 \u0441\u0442\u043e\u043c\u0430\u0442\u043e\u043b\u043e\u0433\u0438\u0447\u0435\u0441\u043a\u0438\u0445 \u0443\u0441\u043b\u0443\u0433. \u0412 \u043a\u043b\u0438\u043d\u0438\u043a\u0435 \u0432\u0430\u0441 \u0436\u0434\u0435\u0442 \u0437\u0443\u0431\u043d\u043e\u0439 \u0432\u0440\u0430\u0447 \u0434\u043b\u044f \u0434\u0435\u0442\u0435\u0439 \u0438 \u0432\u0437\u0440\u043e\u0441\u043b\u044b\u0445, \u0437\u0443\u0431\u043d\u043e\u0439 \u0445\u0438\u0440\u0443\u0440\u0433 \u0438 \u043f\u0440\u043e\u0442\u0435\u0437\u0438\u0441\u0442 \u0438 \u0434\u0440\u0443\u0433\u0438\u0435 \u0441\u043f\u0435\u0446\u0438\u0430\u043b\u0438\u0441\u0442\u044b. \u0427\u0438\u0442\u0430\u0439\u0442\u0435 \u0434\u0430\u043b\u044c\u0448\u0435 \u043e\u0431 \u0443\u0441\u043b\u0443\u0433\u0430\u0445 \u0441\u0442\u043e\u043c\u0430\u0442\u043e\u043b\u043e\u0433\u0438\u0447\u0435\u0441\u043a\u043e\u0439 \u043a\u043b\u0438\u043d\u0438\u043a\u0438!<\/p>\n","protected":false},"author":1,"featured_media":0,"parent":0,"menu_order":29,"comment_status":"closed","ping_status":"closed","template":"page-services.php","meta":{"_acf_changed":false,"footnotes":""},"class_list":["post-638","page","type-page","status-publish","hentry"],"acf":[],"yoast_head":"<!-- This site is optimized with the Yoast SEO plugin v27.3 - https:\/\/yoast.com\/product\/yoast-seo-wordpress\/ -->\n<title>Profesion\u0101la zob\u0101rstniec\u012bba | Butkevicadental.com<\/title>\n<meta name=\"description\" content=\"Zob\u0101rstniec\u012bbas pied\u0101v\u0101jum\u0101 ir vispla\u0161\u0101kais pakalpojuma kl\u0101sts - b\u0113rnu zob\u0101rstniec\u012bba, \u0101rst\u0113\u0161ana, protez\u0113\u0161ana, implantalo\u0123ija! Uzziniet vair\u0101k vietn\u0113!\" \/>\n<meta name=\"robots\" content=\"index, follow, max-snippet:-1, max-image-preview:large, max-video-preview:-1\" \/>\n<link rel=\"canonical\" href=\"https:\/\/butkevicadental.com\/ru\/uslugi\/\" \/>\n<meta property=\"og:locale\" content=\"ru_RU\" \/>\n<meta property=\"og:type\" content=\"article\" \/>\n<meta property=\"og:title\" content=\"Profesion\u0101la zob\u0101rstniec\u012bba | Butkevicadental.com\" \/>\n<meta property=\"og:description\" content=\"Zob\u0101rstniec\u012bbas pied\u0101v\u0101jum\u0101 ir vispla\u0161\u0101kais pakalpojuma kl\u0101sts - b\u0113rnu zob\u0101rstniec\u012bba, \u0101rst\u0113\u0161ana, protez\u0113\u0161ana, implantalo\u0123ija! Uzziniet vair\u0101k vietn\u0113!\" \/>\n<meta property=\"og:url\" content=\"https:\/\/butkevicadental.com\/ru\/uslugi\/\" \/>\n<meta property=\"og:site_name\" content=\"Butkevica Dental\" \/>\n<meta property=\"article:publisher\" content=\"https:\/\/www.facebook.com\/drbutkevica\" \/>\n<meta property=\"article:modified_time\" content=\"2018-08-30T07:13:32+00:00\" \/>\n<meta name=\"twitter:card\" content=\"summary_large_image\" \/>\n<meta name=\"twitter:site\" content=\"@ahhsmiles\" \/>\n<script type=\"application\/ld+json\" class=\"yoast-schema-graph\">{\"@context\":\"https:\\\/\\\/schema.org\",\"@graph\":[{\"@type\":\"WebPage\",\"@id\":\"https:\\\/\\\/butkevicadental.com\\\/ru\\\/uslugi\\\/\",\"url\":\"https:\\\/\\\/butkevicadental.com\\\/ru\\\/uslugi\\\/\",\"name\":\"Profesion\u0101la zob\u0101rstniec\u012bba | Butkevicadental.com\",\"isPartOf\":{\"@id\":\"https:\\\/\\\/butkevicadental.com\\\/#website\"},\"datePublished\":\"2018-05-11T12:27:28+00:00\",\"dateModified\":\"2018-08-30T07:13:32+00:00\",\"description\":\"Zob\u0101rstniec\u012bbas pied\u0101v\u0101jum\u0101 ir vispla\u0161\u0101kais pakalpojuma kl\u0101sts - b\u0113rnu zob\u0101rstniec\u012bba, \u0101rst\u0113\u0161ana, protez\u0113\u0161ana, implantalo\u0123ija! Uzziniet vair\u0101k vietn\u0113!\",\"breadcrumb\":{\"@id\":\"https:\\\/\\\/butkevicadental.com\\\/ru\\\/uslugi\\\/#breadcrumb\"},\"inLanguage\":\"ru-RU\",\"potentialAction\":[{\"@type\":\"ReadAction\",\"target\":[\"https:\\\/\\\/butkevicadental.com\\\/ru\\\/uslugi\\\/\"]}]},{\"@type\":\"BreadcrumbList\",\"@id\":\"https:\\\/\\\/butkevicadental.com\\\/ru\\\/uslugi\\\/#breadcrumb\",\"itemListElement\":[{\"@type\":\"ListItem\",\"position\":1,\"name\":\"Home\",\"item\":\"https:\\\/\\\/butkevicadental.com\\\/ru\\\/\"},{\"@type\":\"ListItem\",\"position\":2,\"name\":\"\u0423\u0441\u043b\u0443\u0433\u0438\"}]},{\"@type\":\"WebSite\",\"@id\":\"https:\\\/\\\/butkevicadental.com\\\/#website\",\"url\":\"https:\\\/\\\/butkevicadental.com\\\/\",\"name\":\"Butkevica Dental\",\"description\":\"\",\"publisher\":{\"@id\":\"https:\\\/\\\/butkevicadental.com\\\/#organization\"},\"potentialAction\":[{\"@type\":\"SearchAction\",\"target\":{\"@type\":\"EntryPoint\",\"urlTemplate\":\"https:\\\/\\\/butkevicadental.com\\\/?s={search_term_string}\"},\"query-input\":{\"@type\":\"PropertyValueSpecification\",\"valueRequired\":true,\"valueName\":\"search_term_string\"}}],\"inLanguage\":\"ru-RU\"},{\"@type\":\"Organization\",\"@id\":\"https:\\\/\\\/butkevicadental.com\\\/#organization\",\"name\":\"Dr. Butkevica Dental Practice\",\"url\":\"https:\\\/\\\/butkevicadental.com\\\/\",\"logo\":{\"@type\":\"ImageObject\",\"inLanguage\":\"ru-RU\",\"@id\":\"https:\\\/\\\/butkevicadental.com\\\/#\\\/schema\\\/logo\\\/image\\\/\",\"url\":\"https:\\\/\\\/butkevicadental.com\\\/wp-content\\\/uploads\\\/2018\\\/06\\\/retina-logo-copy.png\",\"contentUrl\":\"https:\\\/\\\/butkevicadental.com\\\/wp-content\\\/uploads\\\/2018\\\/06\\\/retina-logo-copy.png\",\"width\":360,\"height\":225,\"caption\":\"Dr. Butkevica Dental Practice\"},\"image\":{\"@id\":\"https:\\\/\\\/butkevicadental.com\\\/#\\\/schema\\\/logo\\\/image\\\/\"},\"sameAs\":[\"https:\\\/\\\/www.facebook.com\\\/drbutkevica\",\"https:\\\/\\\/x.com\\\/ahhsmiles\",\"https:\\\/\\\/lv.linkedin.com\\\/pub\\\/alena-butkevica\\\/46\\\/b37\\\/a9a\",\"https:\\\/\\\/www.youtube.com\\\/channel\\\/UCE7V9qO6QB569boavPSnIkg\"]}]}<\/script>\n<!-- \/ Yoast SEO plugin. -->","yoast_head_json":{"title":"Profesion\u0101la zob\u0101rstniec\u012bba | Butkevicadental.com","description":"Zob\u0101rstniec\u012bbas pied\u0101v\u0101jum\u0101 ir vispla\u0161\u0101kais pakalpojuma kl\u0101sts - b\u0113rnu zob\u0101rstniec\u012bba, \u0101rst\u0113\u0161ana, protez\u0113\u0161ana, implantalo\u0123ija! Uzziniet vair\u0101k vietn\u0113!","robots":{"index":"index","follow":"follow","max-snippet":"max-snippet:-1","max-image-preview":"max-image-preview:large","max-video-preview":"max-video-preview:-1"},"canonical":"https:\/\/butkevicadental.com\/ru\/uslugi\/","og_locale":"ru_RU","og_type":"article","og_title":"Profesion\u0101la zob\u0101rstniec\u012bba | Butkevicadental.com","og_description":"Zob\u0101rstniec\u012bbas pied\u0101v\u0101jum\u0101 ir vispla\u0161\u0101kais pakalpojuma kl\u0101sts - b\u0113rnu zob\u0101rstniec\u012bba, \u0101rst\u0113\u0161ana, protez\u0113\u0161ana, implantalo\u0123ija! Uzziniet vair\u0101k vietn\u0113!","og_url":"https:\/\/butkevicadental.com\/ru\/uslugi\/","og_site_name":"Butkevica Dental","article_publisher":"https:\/\/www.facebook.com\/drbutkevica","article_modified_time":"2018-08-30T07:13:32+00:00","twitter_card":"summary_large_image","twitter_site":"@ahhsmiles","schema":{"@context":"https:\/\/schema.org","@graph":[{"@type":"WebPage","@id":"https:\/\/butkevicadental.com\/ru\/uslugi\/","url":"https:\/\/butkevicadental.com\/ru\/uslugi\/","name":"Profesion\u0101la zob\u0101rstniec\u012bba | Butkevicadental.com","isPartOf":{"@id":"https:\/\/butkevicadental.com\/#website"},"datePublished":"2018-05-11T12:27:28+00:00","dateModified":"2018-08-30T07:13:32+00:00","description":"Zob\u0101rstniec\u012bbas pied\u0101v\u0101jum\u0101 ir vispla\u0161\u0101kais pakalpojuma kl\u0101sts - b\u0113rnu zob\u0101rstniec\u012bba, \u0101rst\u0113\u0161ana, protez\u0113\u0161ana, implantalo\u0123ija! Uzziniet vair\u0101k vietn\u0113!","breadcrumb":{"@id":"https:\/\/butkevicadental.com\/ru\/uslugi\/#breadcrumb"},"inLanguage":"ru-RU","potentialAction":[{"@type":"ReadAction","target":["https:\/\/butkevicadental.com\/ru\/uslugi\/"]}]},{"@type":"BreadcrumbList","@id":"https:\/\/butkevicadental.com\/ru\/uslugi\/#breadcrumb","itemListElement":[{"@type":"ListItem","position":1,"name":"Home","item":"https:\/\/butkevicadental.com\/ru\/"},{"@type":"ListItem","position":2,"name":"\u0423\u0441\u043b\u0443\u0433\u0438"}]},{"@type":"WebSite","@id":"https:\/\/butkevicadental.com\/#website","url":"https:\/\/butkevicadental.com\/","name":"Butkevica Dental","description":"","publisher":{"@id":"https:\/\/butkevicadental.com\/#organization"},"potentialAction":[{"@type":"SearchAction","target":{"@type":"EntryPoint","urlTemplate":"https:\/\/butkevicadental.com\/?s={search_term_string}"},"query-input":{"@type":"PropertyValueSpecification","valueRequired":true,"valueName":"search_term_string"}}],"inLanguage":"ru-RU"},{"@type":"Organization","@id":"https:\/\/butkevicadental.com\/#organization","name":"Dr. Butkevica Dental Practice","url":"https:\/\/butkevicadental.com\/","logo":{"@type":"ImageObject","inLanguage":"ru-RU","@id":"https:\/\/butkevicadental.com\/#\/schema\/logo\/image\/","url":"https:\/\/butkevicadental.com\/wp-content\/uploads\/2018\/06\/retina-logo-copy.png","contentUrl":"https:\/\/butkevicadental.com\/wp-content\/uploads\/2018\/06\/retina-logo-copy.png","width":360,"height":225,"caption":"Dr. Butkevica Dental Practice"},"image":{"@id":"https:\/\/butkevicadental.com\/#\/schema\/logo\/image\/"},"sameAs":["https:\/\/www.facebook.com\/drbutkevica","https:\/\/x.com\/ahhsmiles","https:\/\/lv.linkedin.com\/pub\/alena-butkevica\/46\/b37\/a9a","https:\/\/www.youtube.com\/channel\/UCE7V9qO6QB569boavPSnIkg"]}]}},"_links":{"self":[{"href":"https:\/\/butkevicadental.com\/ru\/wp-json\/wp\/v2\/pages\/638","targetHints":{"allow":["GET"]}}],"collection":[{"href":"https:\/\/butkevicadental.com\/ru\/wp-json\/wp\/v2\/pages"}],"about":[{"href":"https:\/\/butkevicadental.com\/ru\/wp-json\/wp\/v2\/types\/page"}],"author":[{"embeddable":true,"href":"https:\/\/butkevicadental.com\/ru\/wp-json\/wp\/v2\/users\/1"}],"replies":[{"embeddable":true,"href":"https:\/\/butkevicadental.com\/ru\/wp-json\/wp\/v2\/comments?post=638"}],"version-history":[{"count":6,"href":"https:\/\/butkevicadental.com\/ru\/wp-json\/wp\/v2\/pages\/638\/revisions"}],"predecessor-version":[{"id":959,"href":"https:\/\/butkevicadental.com\/ru\/wp-json\/wp\/v2\/pages\/638\/revisions\/959"}],"wp:attachment":[{"href":"https:\/\/butkevicadental.com\/ru\/wp-json\/wp\/v2\/media?parent=638"}],"curies":[{"name":"wp","href":"https:\/\/api.w.org\/{rel}","templated":true}]}}