{"id":642,"date":"2018-05-11T12:28:24","date_gmt":"2018-05-11T12:28:24","guid":{"rendered":"http:\/\/butkdent.dev.wmc.lv\/?page_id=642"},"modified":"2018-05-16T11:34:43","modified_gmt":"2018-05-16T11:34:43","slug":"nasi-raboti","status":"publish","type":"page","link":"https:\/\/butkevicadental.com\/ru\/nasi-raboti\/","title":{"rendered":"\u041d\u0430\u0448\u0438 \u0440\u0430\u0431\u043e\u0442\u044b"},"content":{"rendered":"<p><strong>\u0420\u0435\u0437\u0443\u043b\u044c\u0442\u0430\u0442\u044b \u043d\u0430\u0448\u0435\u0439 \u0441\u043e\u0432\u043c\u0435\u0441\u0442\u043d\u043e\u0439 \u0440\u0430\u0431\u043e\u0442\u044b:<\/strong><br \/>\n\u041d\u0438\u0436\u0435 \u0412\u044b \u043c\u043e\u0436\u0435\u0442\u0435 \u043f\u043e\u0441\u043c\u043e\u0442\u0440\u0435\u0442\u044c \u0444\u043e\u0442\u043e\u0433\u0440\u0430\u0444\u0438\u0438 \u043f\u0430\u0446\u0438\u0435\u043d\u0442\u043e\u0432 \u043d\u0430\u0448\u0435\u0439 \u043f\u0440\u0430\u043a\u0442\u0438\u043a\u0438. \u0412\u043c\u0435\u0441\u0442\u0435 \u0441 \u043f\u0430\u0446\u0438\u0435\u043d\u0442\u043e\u043c \u043c\u044b \u0434\u043e\u0441\u0442\u0438\u0433\u043b\u0438 \u0434\u0435\u0439\u0441\u0442\u0432\u0438\u0442\u0435\u043b\u044c\u043d\u043e \u0443\u0441\u043f\u0435\u0448\u043d\u044b\u0445, \u0443\u0434\u0438\u0432\u0438\u0442\u0435\u043b\u044c\u043d\u044b\u0445 \u0440\u0435\u0437\u0443\u043b\u044c\u0442\u0430\u0442\u043e\u0432, \u043a\u043e\u0442\u043e\u0440\u044b\u0435 \u043f\u043e\u043b\u043d\u043e\u0441\u0442\u044c\u044e \u0441\u043e\u043e\u0442\u0432\u0435\u0442\u0441\u0432\u0443\u044e\u0442 \u0436\u0435\u043b\u0430\u043d\u0438\u044e \u043f\u0430\u0446\u0438\u0435\u043d\u0442\u0430 \u043e\u0431\u0440\u0435\u0441\u0442\u0438 \u00ab\u0443\u043b\u044b\u0431\u043a\u0443 \u0441\u0432\u043e\u0435\u0439 \u043c\u0435\u0447\u0442\u044b\u00bb.<\/p>\n<p>\u042d\u0442\u0438 \u043f\u0430\u0446\u0438\u0435\u043d\u0442\u044b,\u0442\u0430\u043a \u0436\u0435 \u043a\u0430\u043a \u0438 \u0412\u044b, \u0441\u0434\u0435\u043b\u0430\u043b\u0438 \u0441\u0432\u043e\u0439 \u043f\u0435\u0440\u0432\u044b\u0439 \u0448\u0430\u0433 \u043d\u0435 \u0442\u043e\u043b\u044c\u043a\u043e \u0434\u043b\u044f \u0443\u043b\u0443\u0447\u0448\u0435\u043d\u0438\u044f \u0441\u0432\u043e\u0435\u0439 \u0436\u0438\u0437\u043d\u0438, \u043d\u043e \u0438 \u0434\u043b\u044f \u043f\u043e\u0432\u044b\u0448\u0435\u043d\u0438\u044f \u0441\u0432\u043e\u0435\u0439 \u0441\u0430\u043c\u043e\u043e\u0446\u0435\u043d\u043a\u0438. \u0418\u0445 \u0443\u043b\u044b\u0431\u043a\u0438 \u0442\u0435\u043f\u0435\u0440\u044c \u0438\u0437\u043b\u0443\u0447\u0430\u044e\u0442 \u0437\u0434\u043e\u0440\u043e\u0432\u044c\u0435 \u0438 \u0443\u0432\u0435\u0440\u0435\u043d\u043d\u043e\u0441\u0442\u044c.<br \/>\n\u041f\u0440\u043e\u0441\u043c\u043e\u0442\u0440\u0435\u0432 \u0440\u0435\u0437\u0443\u043b\u044c\u0442\u0430\u0442\u044b \u043f\u0440\u043e\u0434\u0435\u043b\u0430\u043d\u043d\u043e\u0439 \u0440\u0430\u0431\u043e\u0442\u044b, \u0412\u044b \u043f\u043e\u043b\u0443\u0447\u0438\u0442\u0435 \u043f\u0440\u0435\u0434\u0441\u0442\u0430\u0432\u043b\u0435\u043d\u0438\u0435 \u043e \u0442\u043e\u043c, \u0447\u0442\u043e \u043c\u044b \u043c\u043e\u0436\u0435\u043c \u0441\u0434\u0435\u043b\u0430\u0442\u044c \u0434\u043b\u044f \u0412\u0430\u0441. \u0421 \u043d\u043e\u0432\u044b\u043c\u0438 \u0432\u043e\u0437\u043c\u043e\u0436\u043d\u043e\u0441\u0442\u044f\u043c\u0438 \u0441\u043e\u0432\u0440\u0435\u043c\u0435\u043d\u043d\u044b\u0445 \u0442\u0435\u0445\u043d\u043e\u043b\u043e\u0433\u0438\u0439 \u0438 \u043d\u0430\u0448\u0438\u043c \u043e\u043f\u044b\u0442\u043e\u043c \u0432\u043e\u0437\u043c\u043e\u0436\u043d\u043e \u043f\u0440\u0430\u043a\u0442\u0438\u0447\u0435\u0441\u043a\u0438 \u0432\u0441\u0435!<\/p>\n","protected":false},"excerpt":{"rendered":"<p>\u0420\u0435\u0437\u0443\u043b\u044c\u0442\u0430\u0442\u044b \u043d\u0430\u0448\u0435\u0439 \u0441\u043e\u0432\u043c\u0435\u0441\u0442\u043d\u043e\u0439 \u0440\u0430\u0431\u043e\u0442\u044b: \u041d\u0438\u0436\u0435 \u0412\u044b \u043c\u043e\u0436\u0435\u0442\u0435 \u043f\u043e\u0441\u043c\u043e\u0442\u0440\u0435\u0442\u044c \u0444\u043e\u0442\u043e\u0433\u0440\u0430\u0444\u0438\u0438 \u043f\u0430\u0446\u0438\u0435\u043d\u0442\u043e\u0432 \u043d\u0430\u0448\u0435\u0439 \u043f\u0440\u0430\u043a\u0442\u0438\u043a\u0438. \u0412\u043c\u0435\u0441\u0442\u0435 \u0441 \u043f\u0430\u0446\u0438\u0435\u043d\u0442\u043e\u043c \u043c\u044b \u0434\u043e\u0441\u0442\u0438\u0433\u043b\u0438 \u0434\u0435\u0439\u0441\u0442\u0432\u0438\u0442\u0435\u043b\u044c\u043d\u043e \u0443\u0441\u043f\u0435\u0448\u043d\u044b\u0445, \u0443\u0434\u0438\u0432\u0438\u0442\u0435\u043b\u044c\u043d\u044b\u0445 \u0440\u0435\u0437\u0443\u043b\u044c\u0442\u0430\u0442\u043e\u0432, \u043a\u043e\u0442\u043e\u0440\u044b\u0435 \u043f\u043e\u043b\u043d\u043e\u0441\u0442\u044c\u044e \u0441\u043e\u043e\u0442\u0432\u0435\u0442\u0441\u0432\u0443\u044e\u0442 \u0436\u0435\u043b\u0430\u043d\u0438\u044e \u043f\u0430\u0446\u0438\u0435\u043d\u0442\u0430 \u043e\u0431\u0440\u0435\u0441\u0442\u0438 \u00ab\u0443\u043b\u044b\u0431\u043a\u0443 \u0441\u0432\u043e\u0435\u0439 \u043c\u0435\u0447\u0442\u044b\u00bb. \u042d\u0442\u0438 \u043f\u0430\u0446\u0438\u0435\u043d\u0442\u044b,\u0442\u0430\u043a \u0436\u0435 \u043a\u0430\u043a \u0438 \u0412\u044b, \u0441\u0434\u0435\u043b\u0430\u043b\u0438 \u0441\u0432\u043e\u0439 \u043f\u0435\u0440\u0432\u044b\u0439 \u0448\u0430\u0433 \u043d\u0435 \u0442\u043e\u043b\u044c\u043a\u043e \u0434\u043b\u044f \u0443\u043b\u0443\u0447\u0448\u0435\u043d\u0438\u044f \u0441\u0432\u043e\u0435\u0439 \u0436\u0438\u0437\u043d\u0438, \u043d\u043e \u0438 \u0434\u043b\u044f \u043f\u043e\u0432\u044b\u0448\u0435\u043d\u0438\u044f \u0441\u0432\u043e\u0435\u0439 \u0441\u0430\u043c\u043e\u043e\u0446\u0435\u043d\u043a\u0438. \u0418\u0445 \u0443\u043b\u044b\u0431\u043a\u0438 \u0442\u0435\u043f\u0435\u0440\u044c [&hellip;]<\/p>\n","protected":false},"author":1,"featured_media":0,"parent":0,"menu_order":16,"comment_status":"closed","ping_status":"closed","template":"page-works.php","meta":{"_acf_changed":false,"footnotes":""},"class_list":["post-642","page","type-page","status-publish","hentry"],"acf":[],"yoast_head":"<!-- This site is optimized with the Yoast SEO plugin v27.4 - https:\/\/yoast.com\/product\/yoast-seo-wordpress\/ -->\n<title>Laba zob\u0101rstniec\u012bba R\u012bg\u0101 ikvienam | Butkevicadental.com<\/title>\n<meta name=\"description\" content=\"Profesion\u0101ls zob\u0101rsts ir lab\u0101kais pal\u012bgs r\u016bp\u0113s par zobu vesel\u012bbu un izskatu. Iel\u016bkojieties galerij\u0101, k\u0101 laba zob\u0101rstniec\u012bba R\u012bg\u0101 uzlabo pacientu smaidus!\" \/>\n<meta name=\"robots\" content=\"index, follow, max-snippet:-1, max-image-preview:large, max-video-preview:-1\" \/>\n<link rel=\"canonical\" href=\"https:\/\/butkevicadental.com\/ru\/nasi-raboti\/\" \/>\n<meta property=\"og:locale\" content=\"ru_RU\" \/>\n<meta property=\"og:type\" content=\"article\" \/>\n<meta property=\"og:title\" content=\"Laba zob\u0101rstniec\u012bba R\u012bg\u0101 ikvienam | Butkevicadental.com\" \/>\n<meta property=\"og:description\" content=\"Profesion\u0101ls zob\u0101rsts ir lab\u0101kais pal\u012bgs r\u016bp\u0113s par zobu vesel\u012bbu un izskatu. Iel\u016bkojieties galerij\u0101, k\u0101 laba zob\u0101rstniec\u012bba R\u012bg\u0101 uzlabo pacientu smaidus!\" \/>\n<meta property=\"og:url\" content=\"https:\/\/butkevicadental.com\/ru\/nasi-raboti\/\" \/>\n<meta property=\"og:site_name\" content=\"Butkevica Dental\" \/>\n<meta property=\"article:publisher\" content=\"https:\/\/www.facebook.com\/drbutkevica\" \/>\n<meta property=\"article:modified_time\" content=\"2018-05-16T11:34:43+00:00\" \/>\n<meta name=\"twitter:card\" content=\"summary_large_image\" \/>\n<meta name=\"twitter:site\" content=\"@ahhsmiles\" \/>\n<script type=\"application\/ld+json\" class=\"yoast-schema-graph\">{\"@context\":\"https:\\\/\\\/schema.org\",\"@graph\":[{\"@type\":\"WebPage\",\"@id\":\"https:\\\/\\\/butkevicadental.com\\\/ru\\\/nasi-raboti\\\/\",\"url\":\"https:\\\/\\\/butkevicadental.com\\\/ru\\\/nasi-raboti\\\/\",\"name\":\"Laba zob\u0101rstniec\u012bba R\u012bg\u0101 ikvienam | Butkevicadental.com\",\"isPartOf\":{\"@id\":\"https:\\\/\\\/butkevicadental.com\\\/#website\"},\"datePublished\":\"2018-05-11T12:28:24+00:00\",\"dateModified\":\"2018-05-16T11:34:43+00:00\",\"description\":\"Profesion\u0101ls zob\u0101rsts ir lab\u0101kais pal\u012bgs r\u016bp\u0113s par zobu vesel\u012bbu un izskatu. Iel\u016bkojieties galerij\u0101, k\u0101 laba zob\u0101rstniec\u012bba R\u012bg\u0101 uzlabo pacientu smaidus!\",\"breadcrumb\":{\"@id\":\"https:\\\/\\\/butkevicadental.com\\\/ru\\\/nasi-raboti\\\/#breadcrumb\"},\"inLanguage\":\"ru-RU\",\"potentialAction\":[{\"@type\":\"ReadAction\",\"target\":[\"https:\\\/\\\/butkevicadental.com\\\/ru\\\/nasi-raboti\\\/\"]}]},{\"@type\":\"BreadcrumbList\",\"@id\":\"https:\\\/\\\/butkevicadental.com\\\/ru\\\/nasi-raboti\\\/#breadcrumb\",\"itemListElement\":[{\"@type\":\"ListItem\",\"position\":1,\"name\":\"Home\",\"item\":\"https:\\\/\\\/butkevicadental.com\\\/ru\\\/\"},{\"@type\":\"ListItem\",\"position\":2,\"name\":\"\u041d\u0430\u0448\u0438 \u0440\u0430\u0431\u043e\u0442\u044b\"}]},{\"@type\":\"WebSite\",\"@id\":\"https:\\\/\\\/butkevicadental.com\\\/#website\",\"url\":\"https:\\\/\\\/butkevicadental.com\\\/\",\"name\":\"Butkevica Dental\",\"description\":\"\",\"publisher\":{\"@id\":\"https:\\\/\\\/butkevicadental.com\\\/#organization\"},\"potentialAction\":[{\"@type\":\"SearchAction\",\"target\":{\"@type\":\"EntryPoint\",\"urlTemplate\":\"https:\\\/\\\/butkevicadental.com\\\/?s={search_term_string}\"},\"query-input\":{\"@type\":\"PropertyValueSpecification\",\"valueRequired\":true,\"valueName\":\"search_term_string\"}}],\"inLanguage\":\"ru-RU\"},{\"@type\":\"Organization\",\"@id\":\"https:\\\/\\\/butkevicadental.com\\\/#organization\",\"name\":\"Dr. Butkevica Dental Practice\",\"url\":\"https:\\\/\\\/butkevicadental.com\\\/\",\"logo\":{\"@type\":\"ImageObject\",\"inLanguage\":\"ru-RU\",\"@id\":\"https:\\\/\\\/butkevicadental.com\\\/#\\\/schema\\\/logo\\\/image\\\/\",\"url\":\"https:\\\/\\\/butkevicadental.com\\\/wp-content\\\/uploads\\\/2018\\\/06\\\/retina-logo-copy.png\",\"contentUrl\":\"https:\\\/\\\/butkevicadental.com\\\/wp-content\\\/uploads\\\/2018\\\/06\\\/retina-logo-copy.png\",\"width\":360,\"height\":225,\"caption\":\"Dr. Butkevica Dental Practice\"},\"image\":{\"@id\":\"https:\\\/\\\/butkevicadental.com\\\/#\\\/schema\\\/logo\\\/image\\\/\"},\"sameAs\":[\"https:\\\/\\\/www.facebook.com\\\/drbutkevica\",\"https:\\\/\\\/x.com\\\/ahhsmiles\",\"https:\\\/\\\/lv.linkedin.com\\\/pub\\\/alena-butkevica\\\/46\\\/b37\\\/a9a\",\"https:\\\/\\\/www.youtube.com\\\/channel\\\/UCE7V9qO6QB569boavPSnIkg\"]}]}<\/script>\n<!-- \/ Yoast SEO plugin. -->","yoast_head_json":{"title":"Laba zob\u0101rstniec\u012bba R\u012bg\u0101 ikvienam | Butkevicadental.com","description":"Profesion\u0101ls zob\u0101rsts ir lab\u0101kais pal\u012bgs r\u016bp\u0113s par zobu vesel\u012bbu un izskatu. Iel\u016bkojieties galerij\u0101, k\u0101 laba zob\u0101rstniec\u012bba R\u012bg\u0101 uzlabo pacientu smaidus!","robots":{"index":"index","follow":"follow","max-snippet":"max-snippet:-1","max-image-preview":"max-image-preview:large","max-video-preview":"max-video-preview:-1"},"canonical":"https:\/\/butkevicadental.com\/ru\/nasi-raboti\/","og_locale":"ru_RU","og_type":"article","og_title":"Laba zob\u0101rstniec\u012bba R\u012bg\u0101 ikvienam | Butkevicadental.com","og_description":"Profesion\u0101ls zob\u0101rsts ir lab\u0101kais pal\u012bgs r\u016bp\u0113s par zobu vesel\u012bbu un izskatu. Iel\u016bkojieties galerij\u0101, k\u0101 laba zob\u0101rstniec\u012bba R\u012bg\u0101 uzlabo pacientu smaidus!","og_url":"https:\/\/butkevicadental.com\/ru\/nasi-raboti\/","og_site_name":"Butkevica Dental","article_publisher":"https:\/\/www.facebook.com\/drbutkevica","article_modified_time":"2018-05-16T11:34:43+00:00","twitter_card":"summary_large_image","twitter_site":"@ahhsmiles","schema":{"@context":"https:\/\/schema.org","@graph":[{"@type":"WebPage","@id":"https:\/\/butkevicadental.com\/ru\/nasi-raboti\/","url":"https:\/\/butkevicadental.com\/ru\/nasi-raboti\/","name":"Laba zob\u0101rstniec\u012bba R\u012bg\u0101 ikvienam | Butkevicadental.com","isPartOf":{"@id":"https:\/\/butkevicadental.com\/#website"},"datePublished":"2018-05-11T12:28:24+00:00","dateModified":"2018-05-16T11:34:43+00:00","description":"Profesion\u0101ls zob\u0101rsts ir lab\u0101kais pal\u012bgs r\u016bp\u0113s par zobu vesel\u012bbu un izskatu. Iel\u016bkojieties galerij\u0101, k\u0101 laba zob\u0101rstniec\u012bba R\u012bg\u0101 uzlabo pacientu smaidus!","breadcrumb":{"@id":"https:\/\/butkevicadental.com\/ru\/nasi-raboti\/#breadcrumb"},"inLanguage":"ru-RU","potentialAction":[{"@type":"ReadAction","target":["https:\/\/butkevicadental.com\/ru\/nasi-raboti\/"]}]},{"@type":"BreadcrumbList","@id":"https:\/\/butkevicadental.com\/ru\/nasi-raboti\/#breadcrumb","itemListElement":[{"@type":"ListItem","position":1,"name":"Home","item":"https:\/\/butkevicadental.com\/ru\/"},{"@type":"ListItem","position":2,"name":"\u041d\u0430\u0448\u0438 \u0440\u0430\u0431\u043e\u0442\u044b"}]},{"@type":"WebSite","@id":"https:\/\/butkevicadental.com\/#website","url":"https:\/\/butkevicadental.com\/","name":"Butkevica Dental","description":"","publisher":{"@id":"https:\/\/butkevicadental.com\/#organization"},"potentialAction":[{"@type":"SearchAction","target":{"@type":"EntryPoint","urlTemplate":"https:\/\/butkevicadental.com\/?s={search_term_string}"},"query-input":{"@type":"PropertyValueSpecification","valueRequired":true,"valueName":"search_term_string"}}],"inLanguage":"ru-RU"},{"@type":"Organization","@id":"https:\/\/butkevicadental.com\/#organization","name":"Dr. Butkevica Dental Practice","url":"https:\/\/butkevicadental.com\/","logo":{"@type":"ImageObject","inLanguage":"ru-RU","@id":"https:\/\/butkevicadental.com\/#\/schema\/logo\/image\/","url":"https:\/\/butkevicadental.com\/wp-content\/uploads\/2018\/06\/retina-logo-copy.png","contentUrl":"https:\/\/butkevicadental.com\/wp-content\/uploads\/2018\/06\/retina-logo-copy.png","width":360,"height":225,"caption":"Dr. Butkevica Dental Practice"},"image":{"@id":"https:\/\/butkevicadental.com\/#\/schema\/logo\/image\/"},"sameAs":["https:\/\/www.facebook.com\/drbutkevica","https:\/\/x.com\/ahhsmiles","https:\/\/lv.linkedin.com\/pub\/alena-butkevica\/46\/b37\/a9a","https:\/\/www.youtube.com\/channel\/UCE7V9qO6QB569boavPSnIkg"]}]}},"_links":{"self":[{"href":"https:\/\/butkevicadental.com\/ru\/wp-json\/wp\/v2\/pages\/642","targetHints":{"allow":["GET"]}}],"collection":[{"href":"https:\/\/butkevicadental.com\/ru\/wp-json\/wp\/v2\/pages"}],"about":[{"href":"https:\/\/butkevicadental.com\/ru\/wp-json\/wp\/v2\/types\/page"}],"author":[{"embeddable":true,"href":"https:\/\/butkevicadental.com\/ru\/wp-json\/wp\/v2\/users\/1"}],"replies":[{"embeddable":true,"href":"https:\/\/butkevicadental.com\/ru\/wp-json\/wp\/v2\/comments?post=642"}],"version-history":[{"count":6,"href":"https:\/\/butkevicadental.com\/ru\/wp-json\/wp\/v2\/pages\/642\/revisions"}],"predecessor-version":[{"id":893,"href":"https:\/\/butkevicadental.com\/ru\/wp-json\/wp\/v2\/pages\/642\/revisions\/893"}],"wp:attachment":[{"href":"https:\/\/butkevicadental.com\/ru\/wp-json\/wp\/v2\/media?parent=642"}],"curies":[{"name":"wp","href":"https:\/\/api.w.org\/{rel}","templated":true}]}}