{"id":644,"date":"2018-05-11T12:29:10","date_gmt":"2018-05-11T12:29:10","guid":{"rendered":"http:\/\/butkdent.dev.wmc.lv\/?page_id=644"},"modified":"2018-05-16T08:23:17","modified_gmt":"2018-05-16T08:23:17","slug":"o-nas","status":"publish","type":"page","link":"https:\/\/butkevicadental.com\/ru\/o-nas\/","title":{"rendered":"\u041e \u043d\u0430\u0441"},"content":{"rendered":"","protected":false},"excerpt":{"rendered":"","protected":false},"author":1,"featured_media":0,"parent":0,"menu_order":26,"comment_status":"closed","ping_status":"closed","template":"page-about.php","meta":{"_acf_changed":false,"footnotes":""},"class_list":["post-644","page","type-page","status-publish","hentry"],"acf":[],"yoast_head":"<!-- This site is optimized with the Yoast SEO plugin v27.3 - https:\/\/yoast.com\/product\/yoast-seo-wordpress\/ -->\n<title>Zob\u0101rste Al\u0113na Butk\u0113vi\u010da R\u012bg\u0101 | Butkevicadental.com<\/title>\n<meta name=\"description\" content=\"Zin\u0101t\u0146u doktorei Al\u0113nai Butk\u0113vi\u010dai ir 28 gadu pieredze nozar\u0113. Zob\u0101rstniec\u012bba izveidota ar m\u0113r\u0137i sniegt lab\u0101ko, kas pieejams. Piesakieties konsult\u0101cijai!\" \/>\n<meta name=\"robots\" content=\"index, follow, max-snippet:-1, max-image-preview:large, max-video-preview:-1\" \/>\n<link rel=\"canonical\" href=\"https:\/\/butkevicadental.com\/ru\/o-nas\/\" \/>\n<meta property=\"og:locale\" content=\"ru_RU\" \/>\n<meta property=\"og:type\" content=\"article\" \/>\n<meta property=\"og:title\" content=\"Zob\u0101rste Al\u0113na Butk\u0113vi\u010da R\u012bg\u0101 | Butkevicadental.com\" \/>\n<meta property=\"og:description\" content=\"Zin\u0101t\u0146u doktorei Al\u0113nai Butk\u0113vi\u010dai ir 28 gadu pieredze nozar\u0113. Zob\u0101rstniec\u012bba izveidota ar m\u0113r\u0137i sniegt lab\u0101ko, kas pieejams. Piesakieties konsult\u0101cijai!\" \/>\n<meta property=\"og:url\" content=\"https:\/\/butkevicadental.com\/ru\/o-nas\/\" \/>\n<meta property=\"og:site_name\" content=\"Butkevica Dental\" \/>\n<meta property=\"article:publisher\" content=\"https:\/\/www.facebook.com\/drbutkevica\" \/>\n<meta property=\"article:modified_time\" content=\"2018-05-16T08:23:17+00:00\" \/>\n<meta name=\"twitter:card\" content=\"summary_large_image\" \/>\n<meta name=\"twitter:site\" content=\"@ahhsmiles\" \/>\n<script type=\"application\/ld+json\" class=\"yoast-schema-graph\">{\"@context\":\"https:\\\/\\\/schema.org\",\"@graph\":[{\"@type\":\"WebPage\",\"@id\":\"https:\\\/\\\/butkevicadental.com\\\/ru\\\/o-nas\\\/\",\"url\":\"https:\\\/\\\/butkevicadental.com\\\/ru\\\/o-nas\\\/\",\"name\":\"Zob\u0101rste Al\u0113na Butk\u0113vi\u010da R\u012bg\u0101 | Butkevicadental.com\",\"isPartOf\":{\"@id\":\"https:\\\/\\\/butkevicadental.com\\\/#website\"},\"datePublished\":\"2018-05-11T12:29:10+00:00\",\"dateModified\":\"2018-05-16T08:23:17+00:00\",\"description\":\"Zin\u0101t\u0146u doktorei Al\u0113nai Butk\u0113vi\u010dai ir 28 gadu pieredze nozar\u0113. Zob\u0101rstniec\u012bba izveidota ar m\u0113r\u0137i sniegt lab\u0101ko, kas pieejams. Piesakieties konsult\u0101cijai!\",\"breadcrumb\":{\"@id\":\"https:\\\/\\\/butkevicadental.com\\\/ru\\\/o-nas\\\/#breadcrumb\"},\"inLanguage\":\"ru-RU\",\"potentialAction\":[{\"@type\":\"ReadAction\",\"target\":[\"https:\\\/\\\/butkevicadental.com\\\/ru\\\/o-nas\\\/\"]}]},{\"@type\":\"BreadcrumbList\",\"@id\":\"https:\\\/\\\/butkevicadental.com\\\/ru\\\/o-nas\\\/#breadcrumb\",\"itemListElement\":[{\"@type\":\"ListItem\",\"position\":1,\"name\":\"Home\",\"item\":\"https:\\\/\\\/butkevicadental.com\\\/ru\\\/\"},{\"@type\":\"ListItem\",\"position\":2,\"name\":\"\u041e \u043d\u0430\u0441\"}]},{\"@type\":\"WebSite\",\"@id\":\"https:\\\/\\\/butkevicadental.com\\\/#website\",\"url\":\"https:\\\/\\\/butkevicadental.com\\\/\",\"name\":\"Butkevica Dental\",\"description\":\"\",\"publisher\":{\"@id\":\"https:\\\/\\\/butkevicadental.com\\\/#organization\"},\"potentialAction\":[{\"@type\":\"SearchAction\",\"target\":{\"@type\":\"EntryPoint\",\"urlTemplate\":\"https:\\\/\\\/butkevicadental.com\\\/?s={search_term_string}\"},\"query-input\":{\"@type\":\"PropertyValueSpecification\",\"valueRequired\":true,\"valueName\":\"search_term_string\"}}],\"inLanguage\":\"ru-RU\"},{\"@type\":\"Organization\",\"@id\":\"https:\\\/\\\/butkevicadental.com\\\/#organization\",\"name\":\"Dr. Butkevica Dental Practice\",\"url\":\"https:\\\/\\\/butkevicadental.com\\\/\",\"logo\":{\"@type\":\"ImageObject\",\"inLanguage\":\"ru-RU\",\"@id\":\"https:\\\/\\\/butkevicadental.com\\\/#\\\/schema\\\/logo\\\/image\\\/\",\"url\":\"https:\\\/\\\/butkevicadental.com\\\/wp-content\\\/uploads\\\/2018\\\/06\\\/retina-logo-copy.png\",\"contentUrl\":\"https:\\\/\\\/butkevicadental.com\\\/wp-content\\\/uploads\\\/2018\\\/06\\\/retina-logo-copy.png\",\"width\":360,\"height\":225,\"caption\":\"Dr. Butkevica Dental Practice\"},\"image\":{\"@id\":\"https:\\\/\\\/butkevicadental.com\\\/#\\\/schema\\\/logo\\\/image\\\/\"},\"sameAs\":[\"https:\\\/\\\/www.facebook.com\\\/drbutkevica\",\"https:\\\/\\\/x.com\\\/ahhsmiles\",\"https:\\\/\\\/lv.linkedin.com\\\/pub\\\/alena-butkevica\\\/46\\\/b37\\\/a9a\",\"https:\\\/\\\/www.youtube.com\\\/channel\\\/UCE7V9qO6QB569boavPSnIkg\"]}]}<\/script>\n<!-- \/ Yoast SEO plugin. -->","yoast_head_json":{"title":"Zob\u0101rste Al\u0113na Butk\u0113vi\u010da R\u012bg\u0101 | Butkevicadental.com","description":"Zin\u0101t\u0146u doktorei Al\u0113nai Butk\u0113vi\u010dai ir 28 gadu pieredze nozar\u0113. Zob\u0101rstniec\u012bba izveidota ar m\u0113r\u0137i sniegt lab\u0101ko, kas pieejams. Piesakieties konsult\u0101cijai!","robots":{"index":"index","follow":"follow","max-snippet":"max-snippet:-1","max-image-preview":"max-image-preview:large","max-video-preview":"max-video-preview:-1"},"canonical":"https:\/\/butkevicadental.com\/ru\/o-nas\/","og_locale":"ru_RU","og_type":"article","og_title":"Zob\u0101rste Al\u0113na Butk\u0113vi\u010da R\u012bg\u0101 | Butkevicadental.com","og_description":"Zin\u0101t\u0146u doktorei Al\u0113nai Butk\u0113vi\u010dai ir 28 gadu pieredze nozar\u0113. Zob\u0101rstniec\u012bba izveidota ar m\u0113r\u0137i sniegt lab\u0101ko, kas pieejams. Piesakieties konsult\u0101cijai!","og_url":"https:\/\/butkevicadental.com\/ru\/o-nas\/","og_site_name":"Butkevica Dental","article_publisher":"https:\/\/www.facebook.com\/drbutkevica","article_modified_time":"2018-05-16T08:23:17+00:00","twitter_card":"summary_large_image","twitter_site":"@ahhsmiles","schema":{"@context":"https:\/\/schema.org","@graph":[{"@type":"WebPage","@id":"https:\/\/butkevicadental.com\/ru\/o-nas\/","url":"https:\/\/butkevicadental.com\/ru\/o-nas\/","name":"Zob\u0101rste Al\u0113na Butk\u0113vi\u010da R\u012bg\u0101 | Butkevicadental.com","isPartOf":{"@id":"https:\/\/butkevicadental.com\/#website"},"datePublished":"2018-05-11T12:29:10+00:00","dateModified":"2018-05-16T08:23:17+00:00","description":"Zin\u0101t\u0146u doktorei Al\u0113nai Butk\u0113vi\u010dai ir 28 gadu pieredze nozar\u0113. Zob\u0101rstniec\u012bba izveidota ar m\u0113r\u0137i sniegt lab\u0101ko, kas pieejams. Piesakieties konsult\u0101cijai!","breadcrumb":{"@id":"https:\/\/butkevicadental.com\/ru\/o-nas\/#breadcrumb"},"inLanguage":"ru-RU","potentialAction":[{"@type":"ReadAction","target":["https:\/\/butkevicadental.com\/ru\/o-nas\/"]}]},{"@type":"BreadcrumbList","@id":"https:\/\/butkevicadental.com\/ru\/o-nas\/#breadcrumb","itemListElement":[{"@type":"ListItem","position":1,"name":"Home","item":"https:\/\/butkevicadental.com\/ru\/"},{"@type":"ListItem","position":2,"name":"\u041e \u043d\u0430\u0441"}]},{"@type":"WebSite","@id":"https:\/\/butkevicadental.com\/#website","url":"https:\/\/butkevicadental.com\/","name":"Butkevica Dental","description":"","publisher":{"@id":"https:\/\/butkevicadental.com\/#organization"},"potentialAction":[{"@type":"SearchAction","target":{"@type":"EntryPoint","urlTemplate":"https:\/\/butkevicadental.com\/?s={search_term_string}"},"query-input":{"@type":"PropertyValueSpecification","valueRequired":true,"valueName":"search_term_string"}}],"inLanguage":"ru-RU"},{"@type":"Organization","@id":"https:\/\/butkevicadental.com\/#organization","name":"Dr. Butkevica Dental Practice","url":"https:\/\/butkevicadental.com\/","logo":{"@type":"ImageObject","inLanguage":"ru-RU","@id":"https:\/\/butkevicadental.com\/#\/schema\/logo\/image\/","url":"https:\/\/butkevicadental.com\/wp-content\/uploads\/2018\/06\/retina-logo-copy.png","contentUrl":"https:\/\/butkevicadental.com\/wp-content\/uploads\/2018\/06\/retina-logo-copy.png","width":360,"height":225,"caption":"Dr. Butkevica Dental Practice"},"image":{"@id":"https:\/\/butkevicadental.com\/#\/schema\/logo\/image\/"},"sameAs":["https:\/\/www.facebook.com\/drbutkevica","https:\/\/x.com\/ahhsmiles","https:\/\/lv.linkedin.com\/pub\/alena-butkevica\/46\/b37\/a9a","https:\/\/www.youtube.com\/channel\/UCE7V9qO6QB569boavPSnIkg"]}]}},"_links":{"self":[{"href":"https:\/\/butkevicadental.com\/ru\/wp-json\/wp\/v2\/pages\/644","targetHints":{"allow":["GET"]}}],"collection":[{"href":"https:\/\/butkevicadental.com\/ru\/wp-json\/wp\/v2\/pages"}],"about":[{"href":"https:\/\/butkevicadental.com\/ru\/wp-json\/wp\/v2\/types\/page"}],"author":[{"embeddable":true,"href":"https:\/\/butkevicadental.com\/ru\/wp-json\/wp\/v2\/users\/1"}],"replies":[{"embeddable":true,"href":"https:\/\/butkevicadental.com\/ru\/wp-json\/wp\/v2\/comments?post=644"}],"version-history":[{"count":1,"href":"https:\/\/butkevicadental.com\/ru\/wp-json\/wp\/v2\/pages\/644\/revisions"}],"predecessor-version":[{"id":645,"href":"https:\/\/butkevicadental.com\/ru\/wp-json\/wp\/v2\/pages\/644\/revisions\/645"}],"wp:attachment":[{"href":"https:\/\/butkevicadental.com\/ru\/wp-json\/wp\/v2\/media?parent=644"}],"curies":[{"name":"wp","href":"https:\/\/api.w.org\/{rel}","templated":true}]}}