{"id":700,"date":"2018-05-11T13:17:15","date_gmt":"2018-05-11T13:17:15","guid":{"rendered":"http:\/\/butkdent.dev.wmc.lv\/?page_id=700"},"modified":"2018-05-21T11:40:01","modified_gmt":"2018-05-21T11:40:01","slug":"e-konsultacia","status":"publish","type":"page","link":"https:\/\/butkevicadental.com\/ru\/kontakti\/e-konsultacia\/","title":{"rendered":"\u042d-\u043a\u043e\u043d\u0441\u0443\u043b\u044c\u0442\u0430\u0446\u0438\u044f"},"content":{"rendered":"\n<div class=\"wpcf7 no-js\" id=\"wpcf7-f697-o1\" lang=\"lv-LV\" dir=\"ltr\" data-wpcf7-id=\"697\">\n<div class=\"screen-reader-response\"><p role=\"status\" aria-live=\"polite\" aria-atomic=\"true\"><\/p> <ul><\/ul><\/div>\n<form action=\"\/ru\/wp-json\/wp\/v2\/pages\/700#wpcf7-f697-o1\" method=\"post\" class=\"wpcf7-form init wpcf7-acceptance-as-validation\" aria-label=\"\u041a\u043e\u043d\u0442\u0430\u043a\u0442\u043d\u0430\u044f \u0444\u043e\u0440\u043c\u0430\" enctype=\"multipart\/form-data\" novalidate=\"novalidate\" data-status=\"init\">\n<fieldset class=\"hidden-fields-container\"><input type=\"hidden\" name=\"_wpcf7\" value=\"697\" \/><input type=\"hidden\" name=\"_wpcf7_version\" value=\"6.1.5\" \/><input type=\"hidden\" name=\"_wpcf7_locale\" value=\"lv_LV\" \/><input type=\"hidden\" name=\"_wpcf7_unit_tag\" value=\"wpcf7-f697-o1\" \/><input type=\"hidden\" name=\"_wpcf7_container_post\" value=\"0\" \/><input type=\"hidden\" name=\"_wpcf7_posted_data_hash\" value=\"\" \/><input type=\"hidden\" name=\"_wpcf7dtx_version\" value=\"5.0.5\" \/><input type=\"hidden\" name=\"_wpcf7_recaptcha_response\" value=\"\" \/>\n<\/fieldset>\n<p>\u041e\u0441\u043e\u0437\u043d\u0430\u0432\u0430\u044f \u0441\u0432\u043e\u0438 \u043a\u0430\u043a \u0441\u0443\u0431\u044a\u0435\u043a\u0442\u0430 \u0434\u0430\u043d\u043d\u044b\u0445 \u043f\u0440\u0430\u0432\u0430 \u0432 \u043e\u0442\u043d\u043e\u0448\u0435\u043d\u0438\u0438 \u043e\u0431\u0440\u0430\u0431\u043e\u0442\u043a\u0438 \u043c\u043e\u0438\u0445 \u043b\u0438\u0447\u043d\u044b\u0445 \u0434\u0430\u043d\u043d\u044b\u0445 \u0438 \u0447\u0443\u0432\u0441\u0442\u0432\u0438\u0442\u0435\u043b\u044c\u043d\u044b\u0445 \u0434\u0430\u043d\u043d\u044b\u0445, \u0441\u0431\u043e\u0440\u0430, \u0440\u0435\u0433\u0438\u0441\u0442\u0440\u0430\u0446\u0438\u0438, \u0432\u0432\u043e\u0434\u0430, \u0445\u0440\u0430\u043d\u0435\u043d\u0438\u044f, \u0443\u043f\u043e\u0440\u044f\u0434\u043e\u0447\u0435\u043d\u0438\u044f, \u043f\u0440\u0435\u043e\u0431\u0440\u0430\u0437\u043e\u0432\u0430\u043d\u0438\u044f, \u0438\u0441\u043f\u043e\u043b\u044c\u0437\u043e\u0432\u0430\u043d\u0438\u044f, \u043f\u0435\u0440\u0435\u0434\u0430\u0447\u0438, \u0442\u0440\u0430\u043d\u0441\u043b\u044f\u0446\u0438\u0438, \u0440\u0430\u0437\u0433\u043b\u0430\u0448\u0435\u043d\u0438\u044f, \u0431\u043b\u043e\u043a\u0438\u0440\u043e\u0432\u0430\u043d\u0438\u044f \u0438\u043b\u0438 \u0443\u0434\u0430\u043b\u0435\u043d\u0438\u044f \u0434\u0430\u043d\u043d\u044b\u0445, \u0430 \u0442\u0430\u043a\u0436\u0435 \u043f\u0440\u0438\u043d\u0438\u043c\u0430\u044f \u0432\u043e \u0432\u043d\u0438\u043c\u0430\u043d\u0438\u0435 \u043f. 1 \u0441\u0442. 11 \u0417\u0417\u0414\u0424\u041b, \u0443\u0441\u0442\u0430\u043d\u0430\u0432\u043b\u0438\u0432\u0430\u044e\u0449\u0438\u0439: \u043e\u0431\u0440\u0430\u0431\u043e\u0442\u043a\u0430 \u0447\u0443\u0432\u0441\u0442\u0432\u0438\u0442\u0435\u043b\u044c\u043d\u044b\u0445 \u043b\u0438\u0447\u043d\u044b\u0445 \u0434\u0430\u043d\u043d\u044b\u0445 \u0440\u0430\u0437\u0440\u0435\u0448\u0435\u043d\u0430, \u0435\u0441\u043b\u0438 \u0441\u0443\u0431\u044a\u0435\u043a\u0442 \u0434\u0430\u043d\u043d\u044b\u0445 \u0434\u0430\u043b \u043d\u0430<br \/>\n\u044d\u0442\u043e \u0441\u043e\u0433\u043b\u0430\u0441\u0438\u0435, \u0441\u0432\u043e\u0431\u043e\u0434\u043d\u043e \u0438 \u043d\u0435\u0434\u0432\u0443\u0441\u043c\u044b\u0441\u043b\u0435\u043d\u043d\u043e \u0432\u044b\u0440\u0430\u0436\u0430\u044f \u0441\u0432\u043e\u044e \u0432\u043e\u043b\u044e, \u043d\u0430\u0441\u0442\u043e\u044f\u0449\u0438\u043c \u0437\u0430\u0432\u0435\u0440\u044f\u044e, \u0447\u0442\u043e<br \/>\n<span class=\"wpcf7-form-control-wrap\" data-name=\"acceptance-875\"><span class=\"wpcf7-form-control wpcf7-acceptance\"><span class=\"wpcf7-list-item\"><label><input type=\"checkbox\" name=\"acceptance-875\" value=\"1\" aria-invalid=\"false\" \/><span class=\"wpcf7-list-item-label\">\u0441\u043e\u0433\u043b\u0430\u0441\u0435\u043d<\/span><\/label><\/span><\/span><\/span><br \/>\n\u043d\u0430 \u043e\u0431\u0440\u0430\u0431\u043e\u0442\u043a\u0443 \u0441\u0432\u043e\u0438\u0445 \u0434\u0430\u043d\u043d\u044b\u0445 \u0438 \u0447\u0443\u0432\u0441\u0442\u0432\u0438\u0442\u0435\u043b\u044c\u043d\u044b\u0445 \u0434\u0430\u043d\u043d\u044b\u0445 (\u0438\u043d\u0444\u043e\u0440\u043c\u0430\u0446\u0438\u044f \u043e \u043f\u0440\u0435\u0434\u043e\u0441\u0442\u0430\u0432\u043b\u0435\u043d\u043d\u044b\u0445 \u0443\u0441\u043b\u0443\u0433\u0430\u0445, \u0434\u043e\u0433\u043e\u0432\u043e\u0440\u0435 \u043b\u0435\u0447\u0435\u043d\u0438\u044f, \u0430\u043d\u0430\u043c\u043d\u0435\u0437\u0435, \u0434\u0438\u0430\u0433\u043d\u043e\u0437\u0435, \u0432\u044b\u043f\u0438\u0441\u0430\u043d\u043d\u044b\u0445 \u043c\u0435\u0434\u0438\u043a\u0430\u043c\u0435\u043d\u0442\u0430\u0445 \u0438 \u0434\u0440.) \u0434\u043b\u044f \u043e\u0431\u0435\u0441\u043f\u0435\u0447\u0435\u043d\u0438\u044f \u043f\u0440\u0435\u0434\u043b\u043e\u0436\u0435\u043d\u043d\u044b\u0445 \u043c\u043d\u0435 \u041e\u041e\u041e \u00abDr. Butk\u0113vi\u010das zob\u0101rstniec\u012bbas prakse\u00bb \u0432\u0440\u0430\u0447\u0435\u0431\u043d\u044b\u0445 \u0443\u0441\u043b\u0443\u0433 \u0438 \u0443\u0441\u043b\u0443\u0433 \u0437\u0434\u0440\u0430\u0432\u043e\u043e\u0445\u0440\u0430\u043d\u0435\u043d\u0438\u044f.\n<\/p>\n<p><label><strong>\u0428\u0430\u0433 1 (\u043d\u0435 \u043e\u0431\u044f\u0437\u0430\u0442\u0435\u043b\u044c\u043d\u043e): <\/strong>\u0421\u0434\u0435\u043b\u0430\u0435\u0442\u0435 \u0441\u043d\u0438\u043c\u043e\u043a \u0441 \u0412\u0430\u0448\u0435\u0439 \u0448\u0438\u0440\u043e\u043a\u043e\u0439 \u0443\u043b\u044b\u0431\u043a\u043e\u0439, \u043d\u0430 \u043a\u043e\u0442\u043e\u0440\u043e\u043c \u0432\u0438\u0434\u043d\u043e \u0412\u0430\u0448\u0435 \u043b\u0438\u0446\u043e \u0438\u043b\u0438 \u0447\u0430\u0441\u0442\u044c \u0440\u0442\u0430.<\/label>\n<\/p>\n<p><label><strong>\u0428\u0430\u0433 2 (\u043d\u0435 \u043e\u0431\u044f\u0437\u0430\u0442\u0435\u043b\u044c\u043d\u043e): <\/strong>\u0421\u043e\u0445\u0440\u0430\u043d\u0438\u0442\u0435 \u0441\u043d\u0438\u043c\u043e\u043a.<\/label>\n<\/p>\n<p><label><strong>\u0428\u0430\u0433 3 (\u043d\u0435 \u043e\u0431\u044f\u0437\u0430\u0442\u0435\u043b\u044c\u043d\u043e): <\/strong>\u041f\u0440\u0438\u0441\u043e\u0435\u0434\u0435\u043d\u0438\u0442\u0435 \u0444\u043e\u0442\u043e\u0433\u0440\u0430\u0444\u0438\u044e, \u0438\u0441\u043f\u043e\u043b\u044c\u0437\u0443\u044f \u043a\u043d\u043e\u043f\u043a\u0443 Browse.<\/label>\n<\/p>\n<p><span class=\"wpcf7-form-control-wrap\" data-name=\"file-852\"><input size=\"40\" class=\"wpcf7-form-control wpcf7-file center\" accept=\".jpg,.jpeg,.png,.tiff,.psd,.gif\" aria-invalid=\"false\" type=\"file\" name=\"file-852\" \/><\/span>\n<\/p>\n<p><label><strong>\u0428\u0430\u0433 4: <\/strong>\u041f\u043e \u0432\u043e\u0437\u043c\u043e\u0436\u043d\u043e\u0441\u0442\u0438 \u043f\u043e\u0434\u0440\u043e\u0431\u043d\u0435\u0439 \u043e\u043f\u0438\u0448\u0438\u0442\u0435 \u0441\u0432\u043e\u044e \u0436\u0430\u043b\u043e\u0431\u0443.<\/label>\n<\/p>\n<p><span class=\"wpcf7-form-control-wrap\" data-name=\"textarea-996\"><textarea cols=\"40\" rows=\"10\" maxlength=\"2000\" class=\"wpcf7-form-control wpcf7-textarea wpcf7-validates-as-required\" aria-required=\"true\" aria-invalid=\"false\" name=\"textarea-996\"><\/textarea><\/span>\n<\/p>\n<p><label><strong>\u0428\u0430\u0433 5: <\/strong>\u0412\u0432\u0435\u0434\u0438\u0442\u0435 \u0441\u0432\u043e\u044e \u043a\u043e\u043d\u0442\u0430\u043a\u0442\u043d\u0443\u044e \u0438\u043d\u0444\u043e\u0440\u043c\u0430\u0446\u0438\u044e:<\/label>\n<\/p>\n<p><label><strong>\u0418\u043c\u044f<\/strong><span class=\"wpcf7-form-control-wrap\" data-name=\"text-804\"><input size=\"40\" maxlength=\"400\" class=\"wpcf7-form-control wpcf7-text wpcf7-validates-as-required\" aria-required=\"true\" aria-invalid=\"false\" placeholder=\"V\u0101rds\" value=\"\" type=\"text\" name=\"text-804\" \/><\/span><\/label>\n<\/p>\n<p><label><strong>\u042d-\u043f\u043e\u0447\u0442\u0430<\/strong><span class=\"wpcf7-form-control-wrap\" data-name=\"email-306\"><input size=\"40\" maxlength=\"400\" class=\"wpcf7-form-control wpcf7-email wpcf7-validates-as-required wpcf7-text wpcf7-validates-as-email\" aria-required=\"true\" aria-invalid=\"false\" value=\"E-pasts\" type=\"email\" name=\"email-306\" \/><\/span><\/label>\n<\/p>\n<p><label><strong>\u0422\u0435\u043b\u0435\u0444\u043e\u043d<\/strong><span class=\"wpcf7-form-control-wrap\" data-name=\"tel-512\"><input size=\"40\" maxlength=\"400\" class=\"wpcf7-form-control wpcf7-tel wpcf7-validates-as-required wpcf7-text wpcf7-validates-as-tel\" aria-required=\"true\" aria-invalid=\"false\" value=\"T\u0101lrunis\" type=\"tel\" name=\"tel-512\" \/><\/span><\/label>\n<\/p>\n\n<span class=\"wpcf7-form-control-wrap cf7-counter\" data-name=\"cf7-counter\"><input type=\"hidden\" name=\"cf7-counter\" class=\"wpcf7-form-control wpcf7-hidden wpcf7dtx wpcf7dtx-hidden\" aria-invalid=\"false\" value=\"294\"><\/span>\n<p><input class=\"wpcf7-form-control wpcf7-submit has-spinner my_button\" type=\"submit\" value=\"\u041e\u0442\u043f\u0440\u0430\u0432\u0438\u0442\u044c\" \/>\n<\/p><div class=\"wpcf7-response-output\" aria-hidden=\"true\"><\/div>\n<\/form>\n<\/div>\n\n","protected":false},"excerpt":{"rendered":"","protected":false},"author":1,"featured_media":0,"parent":698,"menu_order":30,"comment_status":"closed","ping_status":"closed","template":"page-consult.php","meta":{"_acf_changed":false,"footnotes":""},"class_list":["post-700","page","type-page","status-publish","hentry"],"acf":[],"yoast_head":"<!-- This site is optimized with the Yoast SEO plugin v27.4 - https:\/\/yoast.com\/product\/yoast-seo-wordpress\/ -->\n<title>\u042d-\u043a\u043e\u043d\u0441\u0443\u043b\u044c\u0442\u0430\u0446\u0438\u044f | Butkevica Dental<\/title>\n<meta name=\"robots\" content=\"index, follow, max-snippet:-1, max-image-preview:large, max-video-preview:-1\" \/>\n<link rel=\"canonical\" href=\"https:\/\/butkevicadental.com\/ru\/kontakti\/e-konsultacia\/\" \/>\n<meta property=\"og:locale\" content=\"ru_RU\" \/>\n<meta property=\"og:type\" content=\"article\" \/>\n<meta property=\"og:title\" content=\"\u042d-\u043a\u043e\u043d\u0441\u0443\u043b\u044c\u0442\u0430\u0446\u0438\u044f | Butkevica Dental\" \/>\n<meta property=\"og:url\" content=\"https:\/\/butkevicadental.com\/ru\/kontakti\/e-konsultacia\/\" \/>\n<meta property=\"og:site_name\" content=\"Butkevica Dental\" \/>\n<meta property=\"article:publisher\" content=\"https:\/\/www.facebook.com\/drbutkevica\" \/>\n<meta property=\"article:modified_time\" content=\"2018-05-21T11:40:01+00:00\" \/>\n<meta name=\"twitter:card\" content=\"summary_large_image\" \/>\n<meta name=\"twitter:site\" content=\"@ahhsmiles\" \/>\n<script type=\"application\/ld+json\" class=\"yoast-schema-graph\">{\"@context\":\"https:\\\/\\\/schema.org\",\"@graph\":[{\"@type\":\"WebPage\",\"@id\":\"https:\\\/\\\/butkevicadental.com\\\/ru\\\/kontakti\\\/e-konsultacia\\\/\",\"url\":\"https:\\\/\\\/butkevicadental.com\\\/ru\\\/kontakti\\\/e-konsultacia\\\/\",\"name\":\"\u042d-\u043a\u043e\u043d\u0441\u0443\u043b\u044c\u0442\u0430\u0446\u0438\u044f | Butkevica Dental\",\"isPartOf\":{\"@id\":\"https:\\\/\\\/butkevicadental.com\\\/#website\"},\"datePublished\":\"2018-05-11T13:17:15+00:00\",\"dateModified\":\"2018-05-21T11:40:01+00:00\",\"breadcrumb\":{\"@id\":\"https:\\\/\\\/butkevicadental.com\\\/ru\\\/kontakti\\\/e-konsultacia\\\/#breadcrumb\"},\"inLanguage\":\"ru-RU\",\"potentialAction\":[{\"@type\":\"ReadAction\",\"target\":[\"https:\\\/\\\/butkevicadental.com\\\/ru\\\/kontakti\\\/e-konsultacia\\\/\"]}]},{\"@type\":\"BreadcrumbList\",\"@id\":\"https:\\\/\\\/butkevicadental.com\\\/ru\\\/kontakti\\\/e-konsultacia\\\/#breadcrumb\",\"itemListElement\":[{\"@type\":\"ListItem\",\"position\":1,\"name\":\"Home\",\"item\":\"https:\\\/\\\/butkevicadental.com\\\/ru\\\/\"},{\"@type\":\"ListItem\",\"position\":2,\"name\":\"\u041a\u043e\u043d\u0442\u0430\u043a\u0442\u044b\",\"item\":\"https:\\\/\\\/butkevicadental.com\\\/ru\\\/kontakti\\\/\"},{\"@type\":\"ListItem\",\"position\":3,\"name\":\"\u042d-\u043a\u043e\u043d\u0441\u0443\u043b\u044c\u0442\u0430\u0446\u0438\u044f\"}]},{\"@type\":\"WebSite\",\"@id\":\"https:\\\/\\\/butkevicadental.com\\\/#website\",\"url\":\"https:\\\/\\\/butkevicadental.com\\\/\",\"name\":\"Butkevica Dental\",\"description\":\"\",\"publisher\":{\"@id\":\"https:\\\/\\\/butkevicadental.com\\\/#organization\"},\"potentialAction\":[{\"@type\":\"SearchAction\",\"target\":{\"@type\":\"EntryPoint\",\"urlTemplate\":\"https:\\\/\\\/butkevicadental.com\\\/?s={search_term_string}\"},\"query-input\":{\"@type\":\"PropertyValueSpecification\",\"valueRequired\":true,\"valueName\":\"search_term_string\"}}],\"inLanguage\":\"ru-RU\"},{\"@type\":\"Organization\",\"@id\":\"https:\\\/\\\/butkevicadental.com\\\/#organization\",\"name\":\"Dr. Butkevica Dental Practice\",\"url\":\"https:\\\/\\\/butkevicadental.com\\\/\",\"logo\":{\"@type\":\"ImageObject\",\"inLanguage\":\"ru-RU\",\"@id\":\"https:\\\/\\\/butkevicadental.com\\\/#\\\/schema\\\/logo\\\/image\\\/\",\"url\":\"https:\\\/\\\/butkevicadental.com\\\/wp-content\\\/uploads\\\/2018\\\/06\\\/retina-logo-copy.png\",\"contentUrl\":\"https:\\\/\\\/butkevicadental.com\\\/wp-content\\\/uploads\\\/2018\\\/06\\\/retina-logo-copy.png\",\"width\":360,\"height\":225,\"caption\":\"Dr. Butkevica Dental Practice\"},\"image\":{\"@id\":\"https:\\\/\\\/butkevicadental.com\\\/#\\\/schema\\\/logo\\\/image\\\/\"},\"sameAs\":[\"https:\\\/\\\/www.facebook.com\\\/drbutkevica\",\"https:\\\/\\\/x.com\\\/ahhsmiles\",\"https:\\\/\\\/lv.linkedin.com\\\/pub\\\/alena-butkevica\\\/46\\\/b37\\\/a9a\",\"https:\\\/\\\/www.youtube.com\\\/channel\\\/UCE7V9qO6QB569boavPSnIkg\"]}]}<\/script>\n<!-- \/ Yoast SEO plugin. -->","yoast_head_json":{"title":"\u042d-\u043a\u043e\u043d\u0441\u0443\u043b\u044c\u0442\u0430\u0446\u0438\u044f | Butkevica Dental","robots":{"index":"index","follow":"follow","max-snippet":"max-snippet:-1","max-image-preview":"max-image-preview:large","max-video-preview":"max-video-preview:-1"},"canonical":"https:\/\/butkevicadental.com\/ru\/kontakti\/e-konsultacia\/","og_locale":"ru_RU","og_type":"article","og_title":"\u042d-\u043a\u043e\u043d\u0441\u0443\u043b\u044c\u0442\u0430\u0446\u0438\u044f | Butkevica Dental","og_url":"https:\/\/butkevicadental.com\/ru\/kontakti\/e-konsultacia\/","og_site_name":"Butkevica Dental","article_publisher":"https:\/\/www.facebook.com\/drbutkevica","article_modified_time":"2018-05-21T11:40:01+00:00","twitter_card":"summary_large_image","twitter_site":"@ahhsmiles","schema":{"@context":"https:\/\/schema.org","@graph":[{"@type":"WebPage","@id":"https:\/\/butkevicadental.com\/ru\/kontakti\/e-konsultacia\/","url":"https:\/\/butkevicadental.com\/ru\/kontakti\/e-konsultacia\/","name":"\u042d-\u043a\u043e\u043d\u0441\u0443\u043b\u044c\u0442\u0430\u0446\u0438\u044f | Butkevica Dental","isPartOf":{"@id":"https:\/\/butkevicadental.com\/#website"},"datePublished":"2018-05-11T13:17:15+00:00","dateModified":"2018-05-21T11:40:01+00:00","breadcrumb":{"@id":"https:\/\/butkevicadental.com\/ru\/kontakti\/e-konsultacia\/#breadcrumb"},"inLanguage":"ru-RU","potentialAction":[{"@type":"ReadAction","target":["https:\/\/butkevicadental.com\/ru\/kontakti\/e-konsultacia\/"]}]},{"@type":"BreadcrumbList","@id":"https:\/\/butkevicadental.com\/ru\/kontakti\/e-konsultacia\/#breadcrumb","itemListElement":[{"@type":"ListItem","position":1,"name":"Home","item":"https:\/\/butkevicadental.com\/ru\/"},{"@type":"ListItem","position":2,"name":"\u041a\u043e\u043d\u0442\u0430\u043a\u0442\u044b","item":"https:\/\/butkevicadental.com\/ru\/kontakti\/"},{"@type":"ListItem","position":3,"name":"\u042d-\u043a\u043e\u043d\u0441\u0443\u043b\u044c\u0442\u0430\u0446\u0438\u044f"}]},{"@type":"WebSite","@id":"https:\/\/butkevicadental.com\/#website","url":"https:\/\/butkevicadental.com\/","name":"Butkevica Dental","description":"","publisher":{"@id":"https:\/\/butkevicadental.com\/#organization"},"potentialAction":[{"@type":"SearchAction","target":{"@type":"EntryPoint","urlTemplate":"https:\/\/butkevicadental.com\/?s={search_term_string}"},"query-input":{"@type":"PropertyValueSpecification","valueRequired":true,"valueName":"search_term_string"}}],"inLanguage":"ru-RU"},{"@type":"Organization","@id":"https:\/\/butkevicadental.com\/#organization","name":"Dr. Butkevica Dental Practice","url":"https:\/\/butkevicadental.com\/","logo":{"@type":"ImageObject","inLanguage":"ru-RU","@id":"https:\/\/butkevicadental.com\/#\/schema\/logo\/image\/","url":"https:\/\/butkevicadental.com\/wp-content\/uploads\/2018\/06\/retina-logo-copy.png","contentUrl":"https:\/\/butkevicadental.com\/wp-content\/uploads\/2018\/06\/retina-logo-copy.png","width":360,"height":225,"caption":"Dr. Butkevica Dental Practice"},"image":{"@id":"https:\/\/butkevicadental.com\/#\/schema\/logo\/image\/"},"sameAs":["https:\/\/www.facebook.com\/drbutkevica","https:\/\/x.com\/ahhsmiles","https:\/\/lv.linkedin.com\/pub\/alena-butkevica\/46\/b37\/a9a","https:\/\/www.youtube.com\/channel\/UCE7V9qO6QB569boavPSnIkg"]}]}},"_links":{"self":[{"href":"https:\/\/butkevicadental.com\/ru\/wp-json\/wp\/v2\/pages\/700","targetHints":{"allow":["GET"]}}],"collection":[{"href":"https:\/\/butkevicadental.com\/ru\/wp-json\/wp\/v2\/pages"}],"about":[{"href":"https:\/\/butkevicadental.com\/ru\/wp-json\/wp\/v2\/types\/page"}],"author":[{"embeddable":true,"href":"https:\/\/butkevicadental.com\/ru\/wp-json\/wp\/v2\/users\/1"}],"replies":[{"embeddable":true,"href":"https:\/\/butkevicadental.com\/ru\/wp-json\/wp\/v2\/comments?post=700"}],"version-history":[{"count":3,"href":"https:\/\/butkevicadental.com\/ru\/wp-json\/wp\/v2\/pages\/700\/revisions"}],"predecessor-version":[{"id":703,"href":"https:\/\/butkevicadental.com\/ru\/wp-json\/wp\/v2\/pages\/700\/revisions\/703"}],"up":[{"embeddable":true,"href":"https:\/\/butkevicadental.com\/ru\/wp-json\/wp\/v2\/pages\/698"}],"wp:attachment":[{"href":"https:\/\/butkevicadental.com\/ru\/wp-json\/wp\/v2\/media?parent=700"}],"curies":[{"name":"wp","href":"https:\/\/api.w.org\/{rel}","templated":true}]}}